{"id":1086,"date":"2016-11-30T10:25:17","date_gmt":"2016-11-30T09:25:17","guid":{"rendered":"http:\/\/emotionsfotografin.com\/wordpress\/?page_id=1086"},"modified":"2022-04-26T12:27:19","modified_gmt":"2022-04-26T10:27:19","slug":"ueberflieger","status":"publish","type":"page","link":"https:\/\/www.die-emotionsfotografin.com\/wordpress\/ueberflieger\/","title":{"rendered":"\u00dcberflieger"},"content":{"rendered":"<p><div class=\"fusion-fullwidth fullwidth-box fusion-builder-row-1 nonhundred-percent-fullwidth non-hundred-percent-height-scrolling\" style=\"--awb-border-radius-top-left:0px;--awb-border-radius-top-right:0px;--awb-border-radius-bottom-right:0px;--awb-border-radius-bottom-left:0px;--awb-padding-top:50px;--awb-padding-bottom:50px;--awb-margin-top:0px;--awb-background-color:#ee7508;--awb-flex-wrap:wrap;\" ><div class=\"fusion-builder-row fusion-row\"><div class=\"fusion-layout-column fusion_builder_column fusion-builder-column-0 fusion_builder_column_1_1 1_1 fusion-one-full fusion-column-first fusion-column-last\" style=\"--awb-bg-size:cover;\"><div class=\"fusion-column-wrapper fusion-flex-column-wrapper-legacy\"><div class=\"fusion-title title fusion-title-1 fusion-sep-none fusion-title-center fusion-title-text fusion-title-size-two\"><h2 class=\"fusion-title-heading title-heading-center fusion-responsive-typography-calculated\" style=\"margin:0;--fontSize:35;line-height:1.28;\">\u00dcBERFLIEGER<\/h2><\/div><div class=\"fusion-text fusion-text-1\"><h2 style=\"text-align: center;\">Das Format f\u00fcr die Landung an der Spitze<\/h2>\n<\/div><div class=\"fusion-clearfix\"><\/div><\/div><\/div><div class=\"fusion-layout-column fusion_builder_column fusion-builder-column-1 fusion_builder_column_1_1 1_1 fusion-one-full fusion-column-first fusion-column-last\" style=\"--awb-bg-size:cover;\"><div class=\"fusion-column-wrapper fusion-flex-column-wrapper-legacy\"><div class=\"fusion-text fusion-text-2\" style=\"--awb-text-transform:none;\"><p style=\"text-align: center;\"><strong>Dies ist das Format f\u00fcr Ihre berufliche Erfolgsgeschichte und Ihre Heldenst\u00fccke.<\/strong><\/p>\n<p style=\"text-align: center;\">Mit dieser Fotoserie k\u00f6nnen Sie sich, Ihre Firma, Ihre Praxis oder Ihr Team ins optimale Licht r\u00fccken. Die Serie umfasst Portraitaufnahmen, szenische Darstellungen\/Interaktionen sowie Bilder Ihrer R\u00e4umlichkeiten und stimmungsvoller Details. Daraus entsteht ein perfekter Gesamteindruck Ihrer Profession und Ihres beruflichen Umfeldes. \u00dcberzeugend, individuell und professionell &#8211; das ultimative Pr\u00e4sentationsformat, mit dem Sie un\u00fcbersehbar werden.<\/p>\n<p style=\"text-align: center;\">In einem ausf\u00fchrlichen Gespr\u00e4ch vor unserem gemeinsamen Fototermin finden wir heraus, wie wir Sie, Ihr Team oder Ihre R\u00e4ume am besten ins Bild setzen k\u00f6nnen (max. 2 Locations). Wir kl\u00e4ren, welche Situationen f\u00fcr Sie und den Zweck der Bilder am besten dargestellt werden sollen.<\/p>\n<p style=\"text-align: center;\"><strong>Ihre Investition f\u00fcr Vorbesprechung und 6 &#8211; 8 Stunden Fotosession: 1.250,- \u20ac zzgl. MwSt.<\/strong><\/p>\n<p style=\"text-align: center;\">Sie entscheiden selbst, wie viele Lieblingsbilder Sie im Anschluss nehmen wollen und welche Ver\u00f6ffentlichungsrechte Sie ben\u00f6tigen.<\/p>\n<\/div><div class=\"fusion-clearfix\"><\/div><\/div><\/div><div class=\"fusion-layout-column fusion_builder_column fusion-builder-column-2 fusion_builder_column_1_1 1_1 fusion-one-full fusion-column-first fusion-column-last\" style=\"--awb-bg-size:cover;\"><div class=\"fusion-column-wrapper fusion-flex-column-wrapper-legacy\"><div class=\"fusion-text fusion-text-3\"><h3 style=\"text-align: center;\">Bildpakete:&nbsp;<\/h3>\n<\/div><div class=\"fusion-text fusion-text-4\" style=\"--awb-text-transform:none;\"><table class=\"tablePrices\">\n<tbody>\n<tr>\n<td>2 Fotos<\/td>\n<td>180,- \u20ac<\/td>\n<\/tr>\n<tr>\n<td>5 Fotos<\/td>\n<td>400,- \u20ac<\/td>\n<\/tr>\n<tr>\n<td>10 Fotos<\/td>\n<td>7650,- \u20ac<\/td>\n<\/tr>\n<tr>\n<td>20 Fotos<\/td>\n<td>1200,- \u20ac<\/td>\n<\/tr>\n<tr>\n<td>&nbsp;<\/td>\n<td>&nbsp;<\/td>\n<\/tr>\n<\/tbody>\n<\/table>\n<p style=\"text-align: center;\">Weitere Bildpakete auf Anfrage.<\/p>\n<p style=\"text-align: center;\">Alle Preise zzgl. MwSt.<\/p>\n<\/div><div class=\"fusion-text fusion-text-5\"><p style=\"text-align: center;\">Bilddaten digital, professionell bearbeitet und in hochaufl\u00f6sender Qualit\u00e4t.<br \/>\nInklusive Ver\u00f6ffentlichungsrechte f\u00fcr den beruflichen Einsatz.<\/p>\n<\/div><div class=\"fusion-clearfix\"><\/div><\/div><\/div><\/div><\/div><div class=\"fusion-fullwidth fullwidth-box fusion-builder-row-2 nonhundred-percent-fullwidth non-hundred-percent-height-scrolling\" style=\"--awb-border-radius-top-left:0px;--awb-border-radius-top-right:0px;--awb-border-radius-bottom-right:0px;--awb-border-radius-bottom-left:0px;--awb-padding-top:0px;--awb-padding-bottom:20px;--awb-background-color:#ee7508;--awb-flex-wrap:wrap;\" ><div class=\"fusion-builder-row fusion-row\"><div class=\"fusion-layout-column fusion_builder_column fusion-builder-column-3 fusion_builder_column_1_1 1_1 fusion-one-full fusion-column-first fusion-column-last\" style=\"--awb-bg-size:cover;\"><div class=\"fusion-column-wrapper fusion-flex-column-wrapper-legacy\"><div class=\"fusion-text fusion-text-6\"><h3 style=\"text-align: center;\">Lieber ein anderes Format?<\/h3>\n<\/div><div class=\"fusion-clearfix\"><\/div><\/div><\/div><div class=\"fusion-layout-column fusion_builder_column fusion-builder-column-4 fusion_builder_column_1_2 1_2 fusion-one-half fusion-column-first\" style=\"--awb-bg-size:cover;width:50%;width:calc(50% - ( ( 4% ) * 0.5 ) );margin-right: 4%;\"><div class=\"fusion-column-wrapper fusion-flex-column-wrapper-legacy\"><div class=\"fusion-text fusion-text-7\"><p><a href=\"https:\/\/www.die-emotionsfotografin.com\/wordpress\/senkrechtstarter\/\"><img decoding=\"async\" class=\"alignright wp-image-1460\" src=\"https:\/\/www.die-emotionsfotografin.com\/wordpress\/wp-content\/uploads\/2016\/11\/senkrechtstarter_1.png\" alt=\"Emotionsfotografin - Senkrechtstarter\" width=\"200\" height=\"167\" srcset=\"https:\/\/www.die-emotionsfotografin.com\/wordpress\/wp-content\/uploads\/2016\/11\/senkrechtstarter_1-200x167.png 200w, https:\/\/www.die-emotionsfotografin.com\/wordpress\/wp-content\/uploads\/2016\/11\/senkrechtstarter_1.png 275w\" sizes=\"(max-width: 200px) 100vw, 200px\" \/><\/a><\/p>\n<\/div><div class=\"fusion-clearfix\"><\/div><\/div><\/div><div class=\"fusion-layout-column fusion_builder_column fusion-builder-column-5 fusion_builder_column_1_2 1_2 fusion-one-half fusion-column-last\" style=\"--awb-bg-size:cover;width:50%;width:calc(50% - ( ( 4% ) * 0.5 ) );\"><div class=\"fusion-column-wrapper fusion-flex-column-wrapper-legacy\"><div class=\"fusion-text fusion-text-8\"><p><a href=\"https:\/\/www.die-emotionsfotografin.com\/wordpress\/gipfelstuermer\/\"><img decoding=\"async\" class=\"alignleft wp-image-1459\" src=\"hhttps:\/\/www.die-emotionsfotografin.com\/wordpress\/wp-content\/uploads\/2016\/11\/gipfelst\u00fcrmer3_1.png\" width=\"200\" height=\"170\" srcset=\"https:\/\/www.die-emotionsfotografin.com\/wordpress\/wp-content\/uploads\/2016\/11\/gipfelst\u00fcrmer3_1-200x170.png 200w, https:\/\/www.die-emotionsfotografin.com\/wordpress\/wp-content\/uploads\/2016\/11\/gipfelst\u00fcrmer3_1.png 274w\" sizes=\"(max-width: 200px) 100vw, 200px\" \/><\/a><\/p>\n<\/div><div class=\"fusion-clearfix\"><\/div><\/div><\/div><\/div><\/div><\/p>\n","protected":false},"excerpt":{"rendered":"","protected":false},"author":1,"featured_media":0,"parent":0,"menu_order":0,"comment_status":"closed","ping_status":"closed","template":"100-width.php","meta":{"sfsi_plus_gutenberg_text_before_share":"","sfsi_plus_gutenberg_show_text_before_share":"","sfsi_plus_gutenberg_icon_type":"","sfsi_plus_gutenberg_icon_alignemt":"","sfsi_plus_gutenburg_max_per_row":"","ngg_post_thumbnail":0,"footnotes":""},"class_list":["post-1086","page","type-page","status-publish","hentry"],"yoast_head":"<!-- This site is optimized with the Yoast SEO plugin v25.2 - https:\/\/yoast.com\/wordpress\/plugins\/seo\/ -->\n<title>\u00dcberflieger - Die Emotionsfotografin<\/title>\n<meta name=\"robots\" content=\"index, follow, max-snippet:-1, max-image-preview:large, max-video-preview:-1\" \/>\n<link rel=\"canonical\" href=\"https:\/\/www.die-emotionsfotografin.com\/wordpress\/ueberflieger\/\" \/>\n<meta property=\"og:locale\" content=\"de_DE\" \/>\n<meta property=\"og:type\" content=\"article\" \/>\n<meta property=\"og:title\" content=\"\u00dcberflieger - Die Emotionsfotografin\" \/>\n<meta property=\"og:url\" content=\"https:\/\/www.die-emotionsfotografin.com\/wordpress\/ueberflieger\/\" \/>\n<meta property=\"og:site_name\" content=\"Die Emotionsfotografin\" \/>\n<meta property=\"article:modified_time\" content=\"2022-04-26T10:27:19+00:00\" \/>\n<meta property=\"og:image\" content=\"https:\/\/www.die-emotionsfotografin.com\/wordpress\/wp-content\/uploads\/2016\/11\/senkrechtstarter_1.png\" \/>\n<meta name=\"twitter:card\" content=\"summary_large_image\" \/>\n<meta name=\"twitter:label1\" content=\"Gesch\u00e4tzte Lesezeit\" \/>\n\t<meta name=\"twitter:data1\" content=\"5\u00a0Minuten\" \/>\n<script type=\"application\/ld+json\" class=\"yoast-schema-graph\">{\"@context\":\"https:\/\/schema.org\",\"@graph\":[{\"@type\":\"WebPage\",\"@id\":\"https:\/\/www.die-emotionsfotografin.com\/wordpress\/ueberflieger\/\",\"url\":\"https:\/\/www.die-emotionsfotografin.com\/wordpress\/ueberflieger\/\",\"name\":\"\u00dcberflieger - Die Emotionsfotografin\",\"isPartOf\":{\"@id\":\"https:\/\/www.die-emotionsfotografin.com\/wordpress\/#website\"},\"primaryImageOfPage\":{\"@id\":\"https:\/\/www.die-emotionsfotografin.com\/wordpress\/ueberflieger\/#primaryimage\"},\"image\":{\"@id\":\"https:\/\/www.die-emotionsfotografin.com\/wordpress\/ueberflieger\/#primaryimage\"},\"thumbnailUrl\":\"https:\/\/www.die-emotionsfotografin.com\/wordpress\/wp-content\/uploads\/2016\/11\/senkrechtstarter_1.png\",\"datePublished\":\"2016-11-30T09:25:17+00:00\",\"dateModified\":\"2022-04-26T10:27:19+00:00\",\"breadcrumb\":{\"@id\":\"https:\/\/www.die-emotionsfotografin.com\/wordpress\/ueberflieger\/#breadcrumb\"},\"inLanguage\":\"de\",\"potentialAction\":[{\"@type\":\"ReadAction\",\"target\":[\"https:\/\/www.die-emotionsfotografin.com\/wordpress\/ueberflieger\/\"]}]},{\"@type\":\"ImageObject\",\"inLanguage\":\"de\",\"@id\":\"https:\/\/www.die-emotionsfotografin.com\/wordpress\/ueberflieger\/#primaryimage\",\"url\":\"https:\/\/www.die-emotionsfotografin.com\/wordpress\/wp-content\/uploads\/2016\/11\/senkrechtstarter_1.png\",\"contentUrl\":\"https:\/\/www.die-emotionsfotografin.com\/wordpress\/wp-content\/uploads\/2016\/11\/senkrechtstarter_1.png\",\"width\":275,\"height\":230},{\"@type\":\"BreadcrumbList\",\"@id\":\"https:\/\/www.die-emotionsfotografin.com\/wordpress\/ueberflieger\/#breadcrumb\",\"itemListElement\":[{\"@type\":\"ListItem\",\"position\":1,\"name\":\"Startseite\",\"item\":\"https:\/\/www.die-emotionsfotografin.com\/wordpress\/\"},{\"@type\":\"ListItem\",\"position\":2,\"name\":\"\u00dcberflieger\"}]},{\"@type\":\"WebSite\",\"@id\":\"https:\/\/www.die-emotionsfotografin.com\/wordpress\/#website\",\"url\":\"https:\/\/www.die-emotionsfotografin.com\/wordpress\/\",\"name\":\"Die Emotionsfotografin\",\"description\":\"Elisabeth Pfahler-Scharf\",\"potentialAction\":[{\"@type\":\"SearchAction\",\"target\":{\"@type\":\"EntryPoint\",\"urlTemplate\":\"https:\/\/www.die-emotionsfotografin.com\/wordpress\/?s={search_term_string}\"},\"query-input\":{\"@type\":\"PropertyValueSpecification\",\"valueRequired\":true,\"valueName\":\"search_term_string\"}}],\"inLanguage\":\"de\"}]}<\/script>\n<!-- \/ Yoast SEO plugin. -->","yoast_head_json":{"title":"\u00dcberflieger - Die Emotionsfotografin","robots":{"index":"index","follow":"follow","max-snippet":"max-snippet:-1","max-image-preview":"max-image-preview:large","max-video-preview":"max-video-preview:-1"},"canonical":"https:\/\/www.die-emotionsfotografin.com\/wordpress\/ueberflieger\/","og_locale":"de_DE","og_type":"article","og_title":"\u00dcberflieger - Die Emotionsfotografin","og_url":"https:\/\/www.die-emotionsfotografin.com\/wordpress\/ueberflieger\/","og_site_name":"Die Emotionsfotografin","article_modified_time":"2022-04-26T10:27:19+00:00","og_image":[{"url":"https:\/\/www.die-emotionsfotografin.com\/wordpress\/wp-content\/uploads\/2016\/11\/senkrechtstarter_1.png","type":"","width":"","height":""}],"twitter_card":"summary_large_image","twitter_misc":{"Gesch\u00e4tzte Lesezeit":"5\u00a0Minuten"},"schema":{"@context":"https:\/\/schema.org","@graph":[{"@type":"WebPage","@id":"https:\/\/www.die-emotionsfotografin.com\/wordpress\/ueberflieger\/","url":"https:\/\/www.die-emotionsfotografin.com\/wordpress\/ueberflieger\/","name":"\u00dcberflieger - Die Emotionsfotografin","isPartOf":{"@id":"https:\/\/www.die-emotionsfotografin.com\/wordpress\/#website"},"primaryImageOfPage":{"@id":"https:\/\/www.die-emotionsfotografin.com\/wordpress\/ueberflieger\/#primaryimage"},"image":{"@id":"https:\/\/www.die-emotionsfotografin.com\/wordpress\/ueberflieger\/#primaryimage"},"thumbnailUrl":"https:\/\/www.die-emotionsfotografin.com\/wordpress\/wp-content\/uploads\/2016\/11\/senkrechtstarter_1.png","datePublished":"2016-11-30T09:25:17+00:00","dateModified":"2022-04-26T10:27:19+00:00","breadcrumb":{"@id":"https:\/\/www.die-emotionsfotografin.com\/wordpress\/ueberflieger\/#breadcrumb"},"inLanguage":"de","potentialAction":[{"@type":"ReadAction","target":["https:\/\/www.die-emotionsfotografin.com\/wordpress\/ueberflieger\/"]}]},{"@type":"ImageObject","inLanguage":"de","@id":"https:\/\/www.die-emotionsfotografin.com\/wordpress\/ueberflieger\/#primaryimage","url":"https:\/\/www.die-emotionsfotografin.com\/wordpress\/wp-content\/uploads\/2016\/11\/senkrechtstarter_1.png","contentUrl":"https:\/\/www.die-emotionsfotografin.com\/wordpress\/wp-content\/uploads\/2016\/11\/senkrechtstarter_1.png","width":275,"height":230},{"@type":"BreadcrumbList","@id":"https:\/\/www.die-emotionsfotografin.com\/wordpress\/ueberflieger\/#breadcrumb","itemListElement":[{"@type":"ListItem","position":1,"name":"Startseite","item":"https:\/\/www.die-emotionsfotografin.com\/wordpress\/"},{"@type":"ListItem","position":2,"name":"\u00dcberflieger"}]},{"@type":"WebSite","@id":"https:\/\/www.die-emotionsfotografin.com\/wordpress\/#website","url":"https:\/\/www.die-emotionsfotografin.com\/wordpress\/","name":"Die Emotionsfotografin","description":"Elisabeth Pfahler-Scharf","potentialAction":[{"@type":"SearchAction","target":{"@type":"EntryPoint","urlTemplate":"https:\/\/www.die-emotionsfotografin.com\/wordpress\/?s={search_term_string}"},"query-input":{"@type":"PropertyValueSpecification","valueRequired":true,"valueName":"search_term_string"}}],"inLanguage":"de"}]}},"_links":{"self":[{"href":"https:\/\/www.die-emotionsfotografin.com\/wordpress\/wp-json\/wp\/v2\/pages\/1086","targetHints":{"allow":["GET"]}}],"collection":[{"href":"https:\/\/www.die-emotionsfotografin.com\/wordpress\/wp-json\/wp\/v2\/pages"}],"about":[{"href":"https:\/\/www.die-emotionsfotografin.com\/wordpress\/wp-json\/wp\/v2\/types\/page"}],"author":[{"embeddable":true,"href":"https:\/\/www.die-emotionsfotografin.com\/wordpress\/wp-json\/wp\/v2\/users\/1"}],"replies":[{"embeddable":true,"href":"https:\/\/www.die-emotionsfotografin.com\/wordpress\/wp-json\/wp\/v2\/comments?post=1086"}],"version-history":[{"count":17,"href":"https:\/\/www.die-emotionsfotografin.com\/wordpress\/wp-json\/wp\/v2\/pages\/1086\/revisions"}],"predecessor-version":[{"id":2095,"href":"https:\/\/www.die-emotionsfotografin.com\/wordpress\/wp-json\/wp\/v2\/pages\/1086\/revisions\/2095"}],"wp:attachment":[{"href":"https:\/\/www.die-emotionsfotografin.com\/wordpress\/wp-json\/wp\/v2\/media?parent=1086"}],"curies":[{"name":"wp","href":"https:\/\/api.w.org\/{rel}","templated":true}]}}