{"id":1080,"date":"2016-11-30T10:24:33","date_gmt":"2016-11-30T09:24:33","guid":{"rendered":"http:\/\/emotionsfotografin.com\/wordpress\/?page_id=1080"},"modified":"2022-04-26T12:17:30","modified_gmt":"2022-04-26T10:17:30","slug":"tausendschoen","status":"publish","type":"page","link":"https:\/\/www.die-emotionsfotografin.com\/wordpress\/tausendschoen\/","title":{"rendered":"Tausendsch\u00f6n"},"content":{"rendered":"<p><div class=\"fusion-fullwidth fullwidth-box fusion-builder-row-1 nonhundred-percent-fullwidth non-hundred-percent-height-scrolling\" style=\"--awb-border-radius-top-left:0px;--awb-border-radius-top-right:0px;--awb-border-radius-bottom-right:0px;--awb-border-radius-bottom-left:0px;--awb-padding-top:50px;--awb-padding-bottom:50px;--awb-margin-top:0px;--awb-background-color:#ee7508;--awb-flex-wrap:wrap;\" ><div class=\"fusion-builder-row fusion-row\"><div class=\"fusion-layout-column fusion_builder_column fusion-builder-column-0 fusion_builder_column_1_1 1_1 fusion-one-full fusion-column-first fusion-column-last\" style=\"--awb-bg-size:cover;\"><div class=\"fusion-column-wrapper fusion-flex-column-wrapper-legacy\"><div class=\"fusion-title title fusion-title-1 fusion-sep-none fusion-title-text fusion-title-size-two\"><h2 class=\"fusion-title-heading title-heading-left fusion-responsive-typography-calculated\" style=\"margin:0;--fontSize:35;line-height:1.28;\"><p style=\"text-align: center;\">TAUSENDSCH\u00d6N<\/p><\/h2><\/div><div class=\"fusion-text fusion-text-1\"><h2 style=\"text-align: center;\">Das Format f\u00fcr Foto-Stars<\/h2>\n<\/div><div class=\"fusion-clearfix\"><\/div><\/div><\/div><div class=\"fusion-layout-column fusion_builder_column fusion-builder-column-1 fusion_builder_column_1_1 1_1 fusion-one-full fusion-column-first fusion-column-last\" style=\"--awb-bg-size:cover;\"><div class=\"fusion-column-wrapper fusion-flex-column-wrapper-legacy\"><div class=\"fusion-text fusion-text-2\" style=\"--awb-text-transform:none;\"><p style=\"text-align: center;\"><strong>Die Fotoserie Tausendsch\u00f6n ist die ultimative Erfahrung f\u00fcr Selbstentdecker und abenteuerlustige &#8222;Das-bin-ich-Models&#8220;.<\/strong><\/p>\n<p style=\"text-align: center;\">Fotos aus dieser Serie gew\u00e4hren einen tiefen Einblick in Ihre einzigartige Pers\u00f6nlichkeit und zeigen Ihre tausend sch\u00f6nen Seiten. Hier ist alles m\u00f6glich &#8211; auch Verwegenes und Verr\u00fccktes.<\/p>\n<p style=\"text-align: center;\">Wir verbringen ganze sechs Stunden miteinander, in denen ich Alles aus Ihnen heraushole. Vielleicht sogar etwas, von dem Sie gar nicht wussten, dass es in Ihnen steckt. Damit Sie am Ende sagen k\u00f6nnen: Wow, das bin ich!<\/p>\n<p style=\"text-align: center;\">Bei diesem Format kommen verschiedene Sachen aus Ihrem Kleiderschrank ins Spiel, und wir toben uns an zwei unterschiedlichen Orten kreativ aus.<\/p>\n<p style=\"text-align: center;\"><strong>Ihre Investition f\u00fcr Vorbesprechung und 6 Stunden Fotosession: 850,- Euro inkl. Mwst.<\/strong><\/p>\n<p style=\"text-align: center;\">Sie entscheiden selbst, wie viele Lieblingsbilder Sie im Anschluss nehmen wollen.<\/p>\n<\/div><div class=\"fusion-clearfix\"><\/div><\/div><\/div><div class=\"fusion-layout-column fusion_builder_column fusion-builder-column-2 fusion_builder_column_1_1 1_1 fusion-one-full fusion-column-first fusion-column-last\" style=\"--awb-bg-size:cover;\"><div class=\"fusion-column-wrapper fusion-flex-column-wrapper-legacy\"><div class=\"fusion-text fusion-text-3\"><h3 style=\"text-align: center;\">Bildpakete:&nbsp;<\/h3>\n<\/div><div class=\"fusion-text fusion-text-4\" style=\"--awb-text-transform:none;\"><table class=\"tablePrices\">\n<tbody>\n<tr>\n<td>5&nbsp;Fotos<\/td>\n<td>150,- \u20ac<\/td>\n<\/tr>\n<tr>\n<td>10&nbsp;Fotos<\/td>\n<td>280,- \u20ac<\/td>\n<\/tr>\n<tr>\n<td>15 Fotos<\/td>\n<td>390,- \u20ac<\/td>\n<\/tr>\n<tr>\n<td>20 Fotos<\/td>\n<td>480,- \u20ac<\/td>\n<\/tr>\n<\/tbody>\n<\/table>\n<p style=\"text-align: center;\">&nbsp;<\/p>\n<p style=\"text-align: center;\">Alle Preise inkl. MwSt.<\/p>\n<\/div><div class=\"fusion-text fusion-text-5\"><p style=\"text-align: center;\">Bilder digital bearbeitet und in hochaufl\u00f6sender Qualit\u00e4t.<br \/>\nIn digitaler Form oder als Printabz\u00fcge (max. 20 x 30 cm).<br \/>\nOhne berufliche Ver\u00f6ffentlichungsrechte.<\/p>\n<\/div><div class=\"fusion-clearfix\"><\/div><\/div><\/div><\/div><\/div><div class=\"fusion-fullwidth fullwidth-box fusion-builder-row-2 nonhundred-percent-fullwidth non-hundred-percent-height-scrolling\" style=\"--awb-border-radius-top-left:0px;--awb-border-radius-top-right:0px;--awb-border-radius-bottom-right:0px;--awb-border-radius-bottom-left:0px;--awb-padding-bottom:20px;--awb-background-color:#ee7508;--awb-flex-wrap:wrap;\" ><div class=\"fusion-builder-row fusion-row\"><div class=\"fusion-layout-column fusion_builder_column fusion-builder-column-3 fusion_builder_column_1_1 1_1 fusion-one-full fusion-column-first fusion-column-last\" style=\"--awb-bg-size:cover;\"><div class=\"fusion-column-wrapper fusion-flex-column-wrapper-legacy\"><div class=\"fusion-text fusion-text-6\"><h3 style=\"text-align: center;\">Lieber ein anderes Format?<\/h3>\n<\/div><div class=\"fusion-clearfix\"><\/div><\/div><\/div><div class=\"fusion-layout-column fusion_builder_column fusion-builder-column-4 fusion_builder_column_1_2 1_2 fusion-one-half fusion-column-first\" style=\"--awb-bg-size:cover;width:50%;width:calc(50% - ( ( 4% ) * 0.5 ) );margin-right: 4%;\"><div class=\"fusion-column-wrapper fusion-flex-column-wrapper-legacy\"><div class=\"fusion-text fusion-text-7\"><p><a href=\"http:\/\/emotionsfotografin.com\/wordpress\/blickfang\/\"><img decoding=\"async\" class=\"alignright wp-image-1458\" src=\"http:\/\/emotionsfotografin.com\/wordpress\/wp-content\/uploads\/2016\/11\/blickfang_1.png\" width=\"200\" height=\"171\" srcset=\"https:\/\/www.die-emotionsfotografin.com\/wordpress\/wp-content\/uploads\/2016\/11\/blickfang_1-200x171.png 200w, https:\/\/www.die-emotionsfotografin.com\/wordpress\/wp-content\/uploads\/2016\/11\/blickfang_1.png 274w\" sizes=\"(max-width: 200px) 100vw, 200px\" \/><\/a><\/p>\n<\/div><div class=\"fusion-clearfix\"><\/div><\/div><\/div><div class=\"fusion-layout-column fusion_builder_column fusion-builder-column-5 fusion_builder_column_1_2 1_2 fusion-one-half fusion-column-last\" style=\"--awb-bg-size:cover;width:50%;width:calc(50% - ( ( 4% ) * 0.5 ) );\"><div class=\"fusion-column-wrapper fusion-flex-column-wrapper-legacy\"><div class=\"fusion-text fusion-text-8\"><p><a href=\"http:\/\/emotionsfotografin.com\/wordpress\/augenweide\/\"><img decoding=\"async\" class=\"alignleft wp-image-1457\" src=\"http:\/\/emotionsfotografin.com\/wordpress\/wp-content\/uploads\/2016\/11\/Augenweide_1.png\" width=\"200\" height=\"171\" srcset=\"https:\/\/www.die-emotionsfotografin.com\/wordpress\/wp-content\/uploads\/2016\/11\/Augenweide_1-200x171.png 200w, https:\/\/www.die-emotionsfotografin.com\/wordpress\/wp-content\/uploads\/2016\/11\/Augenweide_1.png 274w\" sizes=\"(max-width: 200px) 100vw, 200px\" \/><\/a><\/p>\n<\/div><div class=\"fusion-clearfix\"><\/div><\/div><\/div><\/div><\/div><\/p>\n","protected":false},"excerpt":{"rendered":"","protected":false},"author":1,"featured_media":0,"parent":0,"menu_order":0,"comment_status":"closed","ping_status":"closed","template":"100-width.php","meta":{"sfsi_plus_gutenberg_text_before_share":"","sfsi_plus_gutenberg_show_text_before_share":"","sfsi_plus_gutenberg_icon_type":"","sfsi_plus_gutenberg_icon_alignemt":"","sfsi_plus_gutenburg_max_per_row":"","ngg_post_thumbnail":0,"footnotes":""},"class_list":["post-1080","page","type-page","status-publish","hentry"],"yoast_head":"<!-- This site is optimized with the Yoast SEO plugin v25.2 - https:\/\/yoast.com\/wordpress\/plugins\/seo\/ -->\n<title>Tausendsch\u00f6n - Die Emotionsfotografin<\/title>\n<meta name=\"robots\" content=\"index, follow, max-snippet:-1, max-image-preview:large, max-video-preview:-1\" \/>\n<link rel=\"canonical\" href=\"https:\/\/www.die-emotionsfotografin.com\/wordpress\/tausendschoen\/\" \/>\n<meta property=\"og:locale\" content=\"de_DE\" \/>\n<meta property=\"og:type\" content=\"article\" \/>\n<meta property=\"og:title\" content=\"Tausendsch\u00f6n - Die Emotionsfotografin\" \/>\n<meta property=\"og:url\" content=\"https:\/\/www.die-emotionsfotografin.com\/wordpress\/tausendschoen\/\" \/>\n<meta property=\"og:site_name\" content=\"Die Emotionsfotografin\" \/>\n<meta property=\"article:modified_time\" content=\"2022-04-26T10:17:30+00:00\" \/>\n<meta property=\"og:image\" content=\"http:\/\/emotionsfotografin.com\/wordpress\/wp-content\/uploads\/2016\/11\/blickfang_1.png\" \/>\n<meta name=\"twitter:card\" content=\"summary_large_image\" \/>\n<meta name=\"twitter:label1\" content=\"Gesch\u00e4tzte Lesezeit\" \/>\n\t<meta name=\"twitter:data1\" content=\"5\u00a0Minuten\" \/>\n<script type=\"application\/ld+json\" class=\"yoast-schema-graph\">{\"@context\":\"https:\/\/schema.org\",\"@graph\":[{\"@type\":\"WebPage\",\"@id\":\"https:\/\/www.die-emotionsfotografin.com\/wordpress\/tausendschoen\/\",\"url\":\"https:\/\/www.die-emotionsfotografin.com\/wordpress\/tausendschoen\/\",\"name\":\"Tausendsch\u00f6n - Die Emotionsfotografin\",\"isPartOf\":{\"@id\":\"https:\/\/www.die-emotionsfotografin.com\/wordpress\/#website\"},\"primaryImageOfPage\":{\"@id\":\"https:\/\/www.die-emotionsfotografin.com\/wordpress\/tausendschoen\/#primaryimage\"},\"image\":{\"@id\":\"https:\/\/www.die-emotionsfotografin.com\/wordpress\/tausendschoen\/#primaryimage\"},\"thumbnailUrl\":\"http:\/\/emotionsfotografin.com\/wordpress\/wp-content\/uploads\/2016\/11\/blickfang_1.png\",\"datePublished\":\"2016-11-30T09:24:33+00:00\",\"dateModified\":\"2022-04-26T10:17:30+00:00\",\"breadcrumb\":{\"@id\":\"https:\/\/www.die-emotionsfotografin.com\/wordpress\/tausendschoen\/#breadcrumb\"},\"inLanguage\":\"de\",\"potentialAction\":[{\"@type\":\"ReadAction\",\"target\":[\"https:\/\/www.die-emotionsfotografin.com\/wordpress\/tausendschoen\/\"]}]},{\"@type\":\"ImageObject\",\"inLanguage\":\"de\",\"@id\":\"https:\/\/www.die-emotionsfotografin.com\/wordpress\/tausendschoen\/#primaryimage\",\"url\":\"http:\/\/emotionsfotografin.com\/wordpress\/wp-content\/uploads\/2016\/11\/blickfang_1.png\",\"contentUrl\":\"http:\/\/emotionsfotografin.com\/wordpress\/wp-content\/uploads\/2016\/11\/blickfang_1.png\"},{\"@type\":\"BreadcrumbList\",\"@id\":\"https:\/\/www.die-emotionsfotografin.com\/wordpress\/tausendschoen\/#breadcrumb\",\"itemListElement\":[{\"@type\":\"ListItem\",\"position\":1,\"name\":\"Startseite\",\"item\":\"https:\/\/www.die-emotionsfotografin.com\/wordpress\/\"},{\"@type\":\"ListItem\",\"position\":2,\"name\":\"Tausendsch\u00f6n\"}]},{\"@type\":\"WebSite\",\"@id\":\"https:\/\/www.die-emotionsfotografin.com\/wordpress\/#website\",\"url\":\"https:\/\/www.die-emotionsfotografin.com\/wordpress\/\",\"name\":\"Die Emotionsfotografin\",\"description\":\"Elisabeth Pfahler-Scharf\",\"potentialAction\":[{\"@type\":\"SearchAction\",\"target\":{\"@type\":\"EntryPoint\",\"urlTemplate\":\"https:\/\/www.die-emotionsfotografin.com\/wordpress\/?s={search_term_string}\"},\"query-input\":{\"@type\":\"PropertyValueSpecification\",\"valueRequired\":true,\"valueName\":\"search_term_string\"}}],\"inLanguage\":\"de\"}]}<\/script>\n<!-- \/ Yoast SEO plugin. -->","yoast_head_json":{"title":"Tausendsch\u00f6n - Die Emotionsfotografin","robots":{"index":"index","follow":"follow","max-snippet":"max-snippet:-1","max-image-preview":"max-image-preview:large","max-video-preview":"max-video-preview:-1"},"canonical":"https:\/\/www.die-emotionsfotografin.com\/wordpress\/tausendschoen\/","og_locale":"de_DE","og_type":"article","og_title":"Tausendsch\u00f6n - Die Emotionsfotografin","og_url":"https:\/\/www.die-emotionsfotografin.com\/wordpress\/tausendschoen\/","og_site_name":"Die Emotionsfotografin","article_modified_time":"2022-04-26T10:17:30+00:00","og_image":[{"url":"http:\/\/emotionsfotografin.com\/wordpress\/wp-content\/uploads\/2016\/11\/blickfang_1.png","type":"","width":"","height":""}],"twitter_card":"summary_large_image","twitter_misc":{"Gesch\u00e4tzte Lesezeit":"5\u00a0Minuten"},"schema":{"@context":"https:\/\/schema.org","@graph":[{"@type":"WebPage","@id":"https:\/\/www.die-emotionsfotografin.com\/wordpress\/tausendschoen\/","url":"https:\/\/www.die-emotionsfotografin.com\/wordpress\/tausendschoen\/","name":"Tausendsch\u00f6n - Die Emotionsfotografin","isPartOf":{"@id":"https:\/\/www.die-emotionsfotografin.com\/wordpress\/#website"},"primaryImageOfPage":{"@id":"https:\/\/www.die-emotionsfotografin.com\/wordpress\/tausendschoen\/#primaryimage"},"image":{"@id":"https:\/\/www.die-emotionsfotografin.com\/wordpress\/tausendschoen\/#primaryimage"},"thumbnailUrl":"http:\/\/emotionsfotografin.com\/wordpress\/wp-content\/uploads\/2016\/11\/blickfang_1.png","datePublished":"2016-11-30T09:24:33+00:00","dateModified":"2022-04-26T10:17:30+00:00","breadcrumb":{"@id":"https:\/\/www.die-emotionsfotografin.com\/wordpress\/tausendschoen\/#breadcrumb"},"inLanguage":"de","potentialAction":[{"@type":"ReadAction","target":["https:\/\/www.die-emotionsfotografin.com\/wordpress\/tausendschoen\/"]}]},{"@type":"ImageObject","inLanguage":"de","@id":"https:\/\/www.die-emotionsfotografin.com\/wordpress\/tausendschoen\/#primaryimage","url":"http:\/\/emotionsfotografin.com\/wordpress\/wp-content\/uploads\/2016\/11\/blickfang_1.png","contentUrl":"http:\/\/emotionsfotografin.com\/wordpress\/wp-content\/uploads\/2016\/11\/blickfang_1.png"},{"@type":"BreadcrumbList","@id":"https:\/\/www.die-emotionsfotografin.com\/wordpress\/tausendschoen\/#breadcrumb","itemListElement":[{"@type":"ListItem","position":1,"name":"Startseite","item":"https:\/\/www.die-emotionsfotografin.com\/wordpress\/"},{"@type":"ListItem","position":2,"name":"Tausendsch\u00f6n"}]},{"@type":"WebSite","@id":"https:\/\/www.die-emotionsfotografin.com\/wordpress\/#website","url":"https:\/\/www.die-emotionsfotografin.com\/wordpress\/","name":"Die Emotionsfotografin","description":"Elisabeth Pfahler-Scharf","potentialAction":[{"@type":"SearchAction","target":{"@type":"EntryPoint","urlTemplate":"https:\/\/www.die-emotionsfotografin.com\/wordpress\/?s={search_term_string}"},"query-input":{"@type":"PropertyValueSpecification","valueRequired":true,"valueName":"search_term_string"}}],"inLanguage":"de"}]}},"_links":{"self":[{"href":"https:\/\/www.die-emotionsfotografin.com\/wordpress\/wp-json\/wp\/v2\/pages\/1080","targetHints":{"allow":["GET"]}}],"collection":[{"href":"https:\/\/www.die-emotionsfotografin.com\/wordpress\/wp-json\/wp\/v2\/pages"}],"about":[{"href":"https:\/\/www.die-emotionsfotografin.com\/wordpress\/wp-json\/wp\/v2\/types\/page"}],"author":[{"embeddable":true,"href":"https:\/\/www.die-emotionsfotografin.com\/wordpress\/wp-json\/wp\/v2\/users\/1"}],"replies":[{"embeddable":true,"href":"https:\/\/www.die-emotionsfotografin.com\/wordpress\/wp-json\/wp\/v2\/comments?post=1080"}],"version-history":[{"count":18,"href":"https:\/\/www.die-emotionsfotografin.com\/wordpress\/wp-json\/wp\/v2\/pages\/1080\/revisions"}],"predecessor-version":[{"id":2092,"href":"https:\/\/www.die-emotionsfotografin.com\/wordpress\/wp-json\/wp\/v2\/pages\/1080\/revisions\/2092"}],"wp:attachment":[{"href":"https:\/\/www.die-emotionsfotografin.com\/wordpress\/wp-json\/wp\/v2\/media?parent=1080"}],"curies":[{"name":"wp","href":"https:\/\/api.w.org\/{rel}","templated":true}]}}