{"id":1078,"date":"2016-11-30T10:24:22","date_gmt":"2016-11-30T09:24:22","guid":{"rendered":"http:\/\/emotionsfotografin.com\/wordpress\/?page_id=1078"},"modified":"2022-04-26T12:16:33","modified_gmt":"2022-04-26T10:16:33","slug":"augenweide","status":"publish","type":"page","link":"https:\/\/www.die-emotionsfotografin.com\/wordpress\/augenweide\/","title":{"rendered":"Augenweide"},"content":{"rendered":"<p><div class=\"fusion-fullwidth fullwidth-box fusion-builder-row-1 nonhundred-percent-fullwidth non-hundred-percent-height-scrolling\" style=\"--awb-border-radius-top-left:0px;--awb-border-radius-top-right:0px;--awb-border-radius-bottom-right:0px;--awb-border-radius-bottom-left:0px;--awb-padding-top:50px;--awb-padding-bottom:50px;--awb-margin-top:0px;--awb-background-color:#ee7508;--awb-flex-wrap:wrap;\" ><div class=\"fusion-builder-row fusion-row\"><div class=\"fusion-layout-column fusion_builder_column fusion-builder-column-0 fusion_builder_column_1_1 1_1 fusion-one-full fusion-column-first fusion-column-last\" style=\"--awb-bg-size:cover;\"><div class=\"fusion-column-wrapper fusion-flex-column-wrapper-legacy\"><div class=\"fusion-title title fusion-title-1 fusion-sep-none fusion-title-text fusion-title-size-two\"><h2 class=\"fusion-title-heading title-heading-left fusion-responsive-typography-calculated\" style=\"margin:0;--fontSize:35;line-height:1.28;\"><p style=\"text-align: center;\">AUGENWEIDE<\/p><\/h2><\/div><div class=\"fusion-text fusion-text-1\"><h2 style=\"text-align: center;\">Das Format f\u00fcr Foto-Pers\u00f6nlichkeiten<\/h2>\n<\/div><div class=\"fusion-clearfix\"><\/div><\/div><\/div><div class=\"fusion-layout-column fusion_builder_column fusion-builder-column-1 fusion_builder_column_1_1 1_1 fusion-one-full fusion-column-first fusion-column-last\" style=\"--awb-bg-size:cover;\"><div class=\"fusion-column-wrapper fusion-flex-column-wrapper-legacy\"><div class=\"fusion-text fusion-text-2\" style=\"--awb-text-transform:none;\"><p style=\"text-align: center;\"><strong>Dieses Format passt perfekt zu Ihnen, wenn Sie ein bisschen mehr von sich zeigen m\u00f6chten.<\/strong><\/p>\n<p style=\"text-align: center;\">Denn wir alle haben viele Schokoladenseiten, nicht nur eine.<\/p>\n<p style=\"text-align: center;\">Entdecken Sie innerhalb dieser Serie Ihre vielen unterschiedlichen Facetten, die wir in einer 4-st\u00fcndigen Fotosession spielerisch herausarbeiten. Entfalten Sie die Frau\/den Mann, der in Ihnen steckt. Vielleicht m\u00f6chten Sie damit auch jemandem ein besonderes Geschenk machen oder einen anderen Menschen damit f\u00fcr sich gewinnen?<\/p>\n<p style=\"text-align: center;\">In einem ausf\u00fchrlichen Gespr\u00e4ch vor unserem eigentlichen Fototermin finden wir heraus, welche Umgebung und welche Outfits zu Ihnen passen. Wir kl\u00e4ren welche (au\u00dfergew\u00f6hnlichen) Bildideen wir gemeinsam umsetzen m\u00f6chten.<\/p>\n<p style=\"text-align: center;\">Genie\u00dfen Sie vier exklusive Stunden in lockerer Atmosph\u00e4re und seien Sie ganz Sie selbst.<\/p>\n<p style=\"text-align: center;\">Ich bringe Ihre einzigartige Pers\u00f6nlichkeit zum Strahlen. Sie werden erstaunt sein, wie fotogen Sie sind!<\/p>\n<p style=\"text-align: center;\"><strong>Ihre Investition f\u00fcr Vorbesprechung und 4 Stunden Fotosession: 590,- Euro inkl. Mwst.<\/strong><\/p>\n<p style=\"text-align: center;\">Sie entscheiden selbst, wie viele Lieblingsbilder Sie im Anschluss nehmen wollen.<\/p>\n<\/div><div class=\"fusion-clearfix\"><\/div><\/div><\/div><div class=\"fusion-layout-column fusion_builder_column fusion-builder-column-2 fusion_builder_column_1_1 1_1 fusion-one-full fusion-column-first fusion-column-last\" style=\"--awb-bg-size:cover;\"><div class=\"fusion-column-wrapper fusion-flex-column-wrapper-legacy\"><div class=\"fusion-text fusion-text-3\"><h3 style=\"text-align: center;\">Bildpakete:&nbsp;<\/h3>\n<\/div><div class=\"fusion-text fusion-text-4\" style=\"--awb-text-transform:none;\"><table class=\"tablePrices\">\n<tbody>\n<tr>\n<td>5&nbsp;Fotos<\/td>\n<td>150,- \u20ac<\/td>\n<\/tr>\n<tr>\n<td>10&nbsp;Fotos<\/td>\n<td>280,- \u20ac<\/td>\n<\/tr>\n<tr>\n<td>15 Fotos<\/td>\n<td>390,- \u20ac<\/td>\n<\/tr>\n<tr>\n<td>20 Fotos<\/td>\n<td>480,- \u20ac<\/td>\n<\/tr>\n<tr>\n<td>&nbsp;<\/td>\n<td>&nbsp;<\/td>\n<\/tr>\n<\/tbody>\n<\/table>\n<p style=\"text-align: center;\">Alle Preise inkl. MwSt.<\/p>\n<\/div><div class=\"fusion-text fusion-text-5\"><p style=\"text-align: center;\">Bilder professionell bearbeitet und in hochaufl\u00f6sender Qualit\u00e4t.<br \/>\nIn digitaler Form oder als Printabz\u00fcge (max. 20 x 30 cm).<br \/>\nOhne berufliche Ver\u00f6ffentlichungsrechte.<\/p>\n<\/div><div class=\"fusion-clearfix\"><\/div><\/div><\/div><div class=\"fusion-layout-column fusion_builder_column fusion-builder-column-3 fusion_builder_column_1_1 1_1 fusion-one-full fusion-column-first fusion-column-last\" style=\"--awb-bg-size:cover;\"><div class=\"fusion-column-wrapper fusion-flex-column-wrapper-legacy\"><div class=\"fusion-clearfix\"><\/div><\/div><\/div><\/div><\/div><div class=\"fusion-fullwidth fullwidth-box fusion-builder-row-2 nonhundred-percent-fullwidth non-hundred-percent-height-scrolling\" style=\"--awb-border-radius-top-left:0px;--awb-border-radius-top-right:0px;--awb-border-radius-bottom-right:0px;--awb-border-radius-bottom-left:0px;--awb-padding-bottom:20px;--awb-background-color:#ee7508;--awb-flex-wrap:wrap;\" ><div class=\"fusion-builder-row fusion-row\"><div class=\"fusion-layout-column fusion_builder_column fusion-builder-column-4 fusion_builder_column_1_1 1_1 fusion-one-full fusion-column-first fusion-column-last\" style=\"--awb-bg-size:cover;\"><div class=\"fusion-column-wrapper fusion-flex-column-wrapper-legacy\"><div class=\"fusion-text fusion-text-6\"><h3 style=\"text-align: center;\">Lieber ein anderes Format?<\/h3>\n<\/div><div class=\"fusion-clearfix\"><\/div><\/div><\/div><div class=\"fusion-layout-column fusion_builder_column fusion-builder-column-5 fusion_builder_column_1_2 1_2 fusion-one-half fusion-column-first\" style=\"--awb-bg-size:cover;width:50%;width:calc(50% - ( ( 4% ) * 0.5 ) );margin-right: 4%;\"><div class=\"fusion-column-wrapper fusion-flex-column-wrapper-legacy\"><div class=\"fusion-text fusion-text-7\"><p><a href=\"http:\/\/emotionsfotografin.com\/wordpress\/blickfang\/\"><img decoding=\"async\" class=\"wp-image-1458 alignright\" src=\"http:\/\/emotionsfotografin.com\/wordpress\/wp-content\/uploads\/2016\/11\/blickfang_1.png\" width=\"200\" height=\"171\" srcset=\"https:\/\/www.die-emotionsfotografin.com\/wordpress\/wp-content\/uploads\/2016\/11\/blickfang_1-200x171.png 200w, https:\/\/www.die-emotionsfotografin.com\/wordpress\/wp-content\/uploads\/2016\/11\/blickfang_1.png 274w\" sizes=\"(max-width: 200px) 100vw, 200px\" \/><\/a><\/p>\n<\/div><div class=\"fusion-clearfix\"><\/div><\/div><\/div><div class=\"fusion-layout-column fusion_builder_column fusion-builder-column-6 fusion_builder_column_1_2 1_2 fusion-one-half fusion-column-last\" style=\"--awb-bg-size:cover;width:50%;width:calc(50% - ( ( 4% ) * 0.5 ) );\"><div class=\"fusion-column-wrapper fusion-flex-column-wrapper-legacy\"><div class=\"fusion-text fusion-text-8\"><p><a href=\"http:\/\/emotionsfotografin.com\/wordpress\/tausendschoen\/\"><img decoding=\"async\" class=\"wp-image-1461 alignleft\" src=\"http:\/\/emotionsfotografin.com\/wordpress\/wp-content\/uploads\/2016\/11\/tausendsch\u00f6n_1.png\" width=\"200\" height=\"170\" srcset=\"https:\/\/www.die-emotionsfotografin.com\/wordpress\/wp-content\/uploads\/2016\/11\/tausendsch\u00f6n_1-200x170.png 200w, https:\/\/www.die-emotionsfotografin.com\/wordpress\/wp-content\/uploads\/2016\/11\/tausendsch\u00f6n_1.png 274w\" sizes=\"(max-width: 200px) 100vw, 200px\" \/><\/a><\/p>\n<\/div><div class=\"fusion-clearfix\"><\/div><\/div><\/div><\/div><\/div><\/p>\n","protected":false},"excerpt":{"rendered":"","protected":false},"author":1,"featured_media":0,"parent":0,"menu_order":0,"comment_status":"closed","ping_status":"closed","template":"100-width.php","meta":{"sfsi_plus_gutenberg_text_before_share":"","sfsi_plus_gutenberg_show_text_before_share":"","sfsi_plus_gutenberg_icon_type":"","sfsi_plus_gutenberg_icon_alignemt":"","sfsi_plus_gutenburg_max_per_row":"","ngg_post_thumbnail":0,"footnotes":""},"class_list":["post-1078","page","type-page","status-publish","hentry"],"yoast_head":"<!-- This site is optimized with the Yoast SEO plugin v25.2 - https:\/\/yoast.com\/wordpress\/plugins\/seo\/ -->\n<title>Augenweide - Die Emotionsfotografin<\/title>\n<meta name=\"robots\" content=\"index, follow, max-snippet:-1, max-image-preview:large, max-video-preview:-1\" \/>\n<link rel=\"canonical\" href=\"https:\/\/www.die-emotionsfotografin.com\/wordpress\/augenweide\/\" \/>\n<meta property=\"og:locale\" content=\"de_DE\" \/>\n<meta property=\"og:type\" content=\"article\" \/>\n<meta property=\"og:title\" content=\"Augenweide - Die Emotionsfotografin\" \/>\n<meta property=\"og:url\" content=\"https:\/\/www.die-emotionsfotografin.com\/wordpress\/augenweide\/\" \/>\n<meta property=\"og:site_name\" content=\"Die Emotionsfotografin\" \/>\n<meta property=\"article:modified_time\" content=\"2022-04-26T10:16:33+00:00\" \/>\n<meta property=\"og:image\" content=\"http:\/\/emotionsfotografin.com\/wordpress\/wp-content\/uploads\/2016\/11\/blickfang_1.png\" \/>\n<meta name=\"twitter:card\" content=\"summary_large_image\" \/>\n<meta name=\"twitter:label1\" content=\"Gesch\u00e4tzte Lesezeit\" \/>\n\t<meta name=\"twitter:data1\" content=\"6\u00a0Minuten\" \/>\n<script type=\"application\/ld+json\" class=\"yoast-schema-graph\">{\"@context\":\"https:\/\/schema.org\",\"@graph\":[{\"@type\":\"WebPage\",\"@id\":\"https:\/\/www.die-emotionsfotografin.com\/wordpress\/augenweide\/\",\"url\":\"https:\/\/www.die-emotionsfotografin.com\/wordpress\/augenweide\/\",\"name\":\"Augenweide - Die Emotionsfotografin\",\"isPartOf\":{\"@id\":\"https:\/\/www.die-emotionsfotografin.com\/wordpress\/#website\"},\"primaryImageOfPage\":{\"@id\":\"https:\/\/www.die-emotionsfotografin.com\/wordpress\/augenweide\/#primaryimage\"},\"image\":{\"@id\":\"https:\/\/www.die-emotionsfotografin.com\/wordpress\/augenweide\/#primaryimage\"},\"thumbnailUrl\":\"http:\/\/emotionsfotografin.com\/wordpress\/wp-content\/uploads\/2016\/11\/blickfang_1.png\",\"datePublished\":\"2016-11-30T09:24:22+00:00\",\"dateModified\":\"2022-04-26T10:16:33+00:00\",\"breadcrumb\":{\"@id\":\"https:\/\/www.die-emotionsfotografin.com\/wordpress\/augenweide\/#breadcrumb\"},\"inLanguage\":\"de\",\"potentialAction\":[{\"@type\":\"ReadAction\",\"target\":[\"https:\/\/www.die-emotionsfotografin.com\/wordpress\/augenweide\/\"]}]},{\"@type\":\"ImageObject\",\"inLanguage\":\"de\",\"@id\":\"https:\/\/www.die-emotionsfotografin.com\/wordpress\/augenweide\/#primaryimage\",\"url\":\"http:\/\/emotionsfotografin.com\/wordpress\/wp-content\/uploads\/2016\/11\/blickfang_1.png\",\"contentUrl\":\"http:\/\/emotionsfotografin.com\/wordpress\/wp-content\/uploads\/2016\/11\/blickfang_1.png\"},{\"@type\":\"BreadcrumbList\",\"@id\":\"https:\/\/www.die-emotionsfotografin.com\/wordpress\/augenweide\/#breadcrumb\",\"itemListElement\":[{\"@type\":\"ListItem\",\"position\":1,\"name\":\"Startseite\",\"item\":\"https:\/\/www.die-emotionsfotografin.com\/wordpress\/\"},{\"@type\":\"ListItem\",\"position\":2,\"name\":\"Augenweide\"}]},{\"@type\":\"WebSite\",\"@id\":\"https:\/\/www.die-emotionsfotografin.com\/wordpress\/#website\",\"url\":\"https:\/\/www.die-emotionsfotografin.com\/wordpress\/\",\"name\":\"Die Emotionsfotografin\",\"description\":\"Elisabeth Pfahler-Scharf\",\"potentialAction\":[{\"@type\":\"SearchAction\",\"target\":{\"@type\":\"EntryPoint\",\"urlTemplate\":\"https:\/\/www.die-emotionsfotografin.com\/wordpress\/?s={search_term_string}\"},\"query-input\":{\"@type\":\"PropertyValueSpecification\",\"valueRequired\":true,\"valueName\":\"search_term_string\"}}],\"inLanguage\":\"de\"}]}<\/script>\n<!-- \/ Yoast SEO plugin. -->","yoast_head_json":{"title":"Augenweide - Die Emotionsfotografin","robots":{"index":"index","follow":"follow","max-snippet":"max-snippet:-1","max-image-preview":"max-image-preview:large","max-video-preview":"max-video-preview:-1"},"canonical":"https:\/\/www.die-emotionsfotografin.com\/wordpress\/augenweide\/","og_locale":"de_DE","og_type":"article","og_title":"Augenweide - Die Emotionsfotografin","og_url":"https:\/\/www.die-emotionsfotografin.com\/wordpress\/augenweide\/","og_site_name":"Die Emotionsfotografin","article_modified_time":"2022-04-26T10:16:33+00:00","og_image":[{"url":"http:\/\/emotionsfotografin.com\/wordpress\/wp-content\/uploads\/2016\/11\/blickfang_1.png","type":"","width":"","height":""}],"twitter_card":"summary_large_image","twitter_misc":{"Gesch\u00e4tzte Lesezeit":"6\u00a0Minuten"},"schema":{"@context":"https:\/\/schema.org","@graph":[{"@type":"WebPage","@id":"https:\/\/www.die-emotionsfotografin.com\/wordpress\/augenweide\/","url":"https:\/\/www.die-emotionsfotografin.com\/wordpress\/augenweide\/","name":"Augenweide - Die Emotionsfotografin","isPartOf":{"@id":"https:\/\/www.die-emotionsfotografin.com\/wordpress\/#website"},"primaryImageOfPage":{"@id":"https:\/\/www.die-emotionsfotografin.com\/wordpress\/augenweide\/#primaryimage"},"image":{"@id":"https:\/\/www.die-emotionsfotografin.com\/wordpress\/augenweide\/#primaryimage"},"thumbnailUrl":"http:\/\/emotionsfotografin.com\/wordpress\/wp-content\/uploads\/2016\/11\/blickfang_1.png","datePublished":"2016-11-30T09:24:22+00:00","dateModified":"2022-04-26T10:16:33+00:00","breadcrumb":{"@id":"https:\/\/www.die-emotionsfotografin.com\/wordpress\/augenweide\/#breadcrumb"},"inLanguage":"de","potentialAction":[{"@type":"ReadAction","target":["https:\/\/www.die-emotionsfotografin.com\/wordpress\/augenweide\/"]}]},{"@type":"ImageObject","inLanguage":"de","@id":"https:\/\/www.die-emotionsfotografin.com\/wordpress\/augenweide\/#primaryimage","url":"http:\/\/emotionsfotografin.com\/wordpress\/wp-content\/uploads\/2016\/11\/blickfang_1.png","contentUrl":"http:\/\/emotionsfotografin.com\/wordpress\/wp-content\/uploads\/2016\/11\/blickfang_1.png"},{"@type":"BreadcrumbList","@id":"https:\/\/www.die-emotionsfotografin.com\/wordpress\/augenweide\/#breadcrumb","itemListElement":[{"@type":"ListItem","position":1,"name":"Startseite","item":"https:\/\/www.die-emotionsfotografin.com\/wordpress\/"},{"@type":"ListItem","position":2,"name":"Augenweide"}]},{"@type":"WebSite","@id":"https:\/\/www.die-emotionsfotografin.com\/wordpress\/#website","url":"https:\/\/www.die-emotionsfotografin.com\/wordpress\/","name":"Die Emotionsfotografin","description":"Elisabeth Pfahler-Scharf","potentialAction":[{"@type":"SearchAction","target":{"@type":"EntryPoint","urlTemplate":"https:\/\/www.die-emotionsfotografin.com\/wordpress\/?s={search_term_string}"},"query-input":{"@type":"PropertyValueSpecification","valueRequired":true,"valueName":"search_term_string"}}],"inLanguage":"de"}]}},"_links":{"self":[{"href":"https:\/\/www.die-emotionsfotografin.com\/wordpress\/wp-json\/wp\/v2\/pages\/1078","targetHints":{"allow":["GET"]}}],"collection":[{"href":"https:\/\/www.die-emotionsfotografin.com\/wordpress\/wp-json\/wp\/v2\/pages"}],"about":[{"href":"https:\/\/www.die-emotionsfotografin.com\/wordpress\/wp-json\/wp\/v2\/types\/page"}],"author":[{"embeddable":true,"href":"https:\/\/www.die-emotionsfotografin.com\/wordpress\/wp-json\/wp\/v2\/users\/1"}],"replies":[{"embeddable":true,"href":"https:\/\/www.die-emotionsfotografin.com\/wordpress\/wp-json\/wp\/v2\/comments?post=1078"}],"version-history":[{"count":26,"href":"https:\/\/www.die-emotionsfotografin.com\/wordpress\/wp-json\/wp\/v2\/pages\/1078\/revisions"}],"predecessor-version":[{"id":2091,"href":"https:\/\/www.die-emotionsfotografin.com\/wordpress\/wp-json\/wp\/v2\/pages\/1078\/revisions\/2091"}],"wp:attachment":[{"href":"https:\/\/www.die-emotionsfotografin.com\/wordpress\/wp-json\/wp\/v2\/media?parent=1078"}],"curies":[{"name":"wp","href":"https:\/\/api.w.org\/{rel}","templated":true}]}}