{"id":1062,"date":"2016-11-30T10:19:07","date_gmt":"2016-11-30T09:19:07","guid":{"rendered":"http:\/\/emotionsfotografin.com\/wordpress\/?page_id=1062"},"modified":"2020-05-17T14:00:30","modified_gmt":"2020-05-17T12:00:30","slug":"impressum","status":"publish","type":"page","link":"https:\/\/www.die-emotionsfotografin.com\/wordpress\/impressum\/","title":{"rendered":"Impressum"},"content":{"rendered":"<div class=\"fusion-fullwidth fullwidth-box fusion-builder-row-1 nonhundred-percent-fullwidth non-hundred-percent-height-scrolling\" style=\"--awb-border-radius-top-left:0px;--awb-border-radius-top-right:0px;--awb-border-radius-bottom-right:0px;--awb-border-radius-bottom-left:0px;--awb-padding-top:100px;--awb-padding-bottom:100px;--awb-background-color:#ee7508;--awb-flex-wrap:wrap;\" ><div class=\"fusion-builder-row fusion-row\"><div class=\"fusion-layout-column fusion_builder_column fusion-builder-column-0 fusion_builder_column_1_1 1_1 fusion-one-full fusion-column-first fusion-column-last\" style=\"--awb-bg-size:cover;\"><div class=\"fusion-column-wrapper fusion-flex-column-wrapper-legacy\"><div class=\"fusion-title title fusion-title-1 fusion-sep-none fusion-title-text fusion-title-size-two\"><h2 class=\"fusion-title-heading title-heading-left fusion-responsive-typography-calculated\" style=\"margin:0;--fontSize:35;line-height:1.28;\"><p style=\"text-align: center;\">Impressum<\/p><\/h2><\/div><div class=\"fusion-text fusion-text-1\"><h3>Angaben nach \u00a7 5 TMG:<\/h3>\n<p>Elisabeth Pfahler-Scharf<br \/>\nBelgradstr. 158, 80804 M\u00fcnchen<br \/>\nFon 0 89 \/ 300 18 67, Mobil 0173 \/ 949 01 94<br \/>\nkontakt@die-emotionsfotografin.de<br \/>\nUst-IdNr.: DE 223195525<\/p>\n<h3>Verantwortlich f\u00fcr den Inhalt dieser Website:<\/h3>\n<p>Elisabeth Pfahler-Scharf<\/p>\n<div class=\"wpb_row wf-container\">\n<div class=\"vc_col-sm-12 wpb_column column_container \">\n<div class=\"wpb_wrapper\">\n<div class=\"wpb_text_column wpb_content_element \">\n<div class=\"wpb_wrapper\">\n<h3>Haftungsbeschr\u00e4nkung:<\/h3>\n<p>Die Inhalte meiner Website habe ich mit gr\u00f6\u00dftm\u00f6glicher Sorgfalt erstellt. Ich \u00fcbernehme jedoch keine Gew\u00e4hr f\u00fcr die Richtigkeit, Vollst\u00e4ndigkeit und Aktualit\u00e4t der bereitgestellten Inhalte. Die Nutzung der Inhalte meiner Website erfolgt auf eigene Gefahr des Nutzers. Namentlich gekennzeichnete Beitr\u00e4ge geben die Meinung des jeweiligen Autors und nicht immer meine Meinung wieder. Mit der reinen Nutzung meiner Website kommt keinerlei Vertragsverh\u00e4ltnis zwischen dem Nutzer und mir zustande.<\/p>\n<h3>Externe Links:<\/h3>\n<p>Meine Website enth\u00e4lt Verkn\u00fcpfungen zu Websites Dritter (\u201eexterne Links\u201c). Diese Websites unterliegen der Haftung der jeweiligen Betreiber. Ich habe bei der erstmaligen Verkn\u00fcpfung der externen Links die fremden Inhalte daraufhin \u00fcberpr\u00fcft, ob etwaige Rechtsverst\u00f6\u00dfe bestehen. Zu dem Zeitpunkt waren keine Rechtsverst\u00f6\u00dfe ersichtlich. Ich habe keinerlei Einfluss auf die aktuelle und zuk\u00fcnftige Gestaltung und auf die Inhalte der verkn\u00fcpften Seiten. Das Setzen von externen Links bedeutet nicht, dass ich mir die hinter dem Verweis oder Link liegenden Inhalte zu Eigen mache. Eine st\u00e4ndige Kontrolle der externen Links ist f\u00fcr mich ohne konkrete Hinweise auf Rechtsverst\u00f6\u00dfe nicht zumutbar. Bei Kenntnis von Rechtsverst\u00f6\u00dfen werde ich jedoch derartige externe Links unverz\u00fcglich l\u00f6schen.<\/p>\n<h3>Urheber- und Leistungsschutzrechte:<\/h3>\n<p>Die auf meiner Website ver\u00f6ffentlichten Inhalte unterliegen dem deutschen Urheber- und Leistungsschutzrecht. Jede vom deutschen Urheber- und Leistungsschutzrecht nicht zugelassene Verwertung bedarf meiner vorherigen schriftlichen Zustimmung bzw. der des jeweiligen Rechteinhabers. Dies gilt insbesondere f\u00fcr Vervielf\u00e4ltigung, Bearbeitung, \u00dcbersetzung, Einspeicherung, Verarbeitung bzw. Wiedergabe von Inhalten in Datenbanken oder anderen elektronischen Medien und Systemen. Inhalte und Rechte Dritter sind dabei als solche gekennzeichnet. Die unerlaubte Vervielf\u00e4ltigung oder Weitergabe einzelner Inhalte oder kompletter Seiten ist nicht gestattet und strafbar. Lediglich die Herstellung von Kopien und Downloads f\u00fcr den pers\u00f6nlichen, privaten und nicht kommerziellen Gebrauch ist erlaubt.<\/p>\n<\/div>\n<\/div>\n<\/div>\n<\/div>\n<\/div>\n<h3>Website-Gestaltung:<\/h3>\n<p>Konzept, Design und Textgestaltung: <a href=\"http:\/\/www.die-markenbildnerei.de\" target=\"_blank\" rel=\"noopener noreferrer\">Ursula Paulick &#8211; Die Markenbildnerei<\/a><br \/>\nTechnische Realisierung (CMS WordPress): Robert Landinger<br \/>\nFotos: Elisabeth Pfahler-Scharf<br \/>\nPortraitfotos Elisabeth Pfahler-Scharf: Alice Breit<\/p>\n<p>&nbsp;<\/p>\n<\/div><div class=\"fusion-clearfix\"><\/div><\/div><\/div><\/div><\/div>\n","protected":false},"excerpt":{"rendered":"","protected":false},"author":1,"featured_media":0,"parent":0,"menu_order":0,"comment_status":"closed","ping_status":"closed","template":"100-width.php","meta":{"sfsi_plus_gutenberg_text_before_share":"","sfsi_plus_gutenberg_show_text_before_share":"","sfsi_plus_gutenberg_icon_type":"","sfsi_plus_gutenberg_icon_alignemt":"","sfsi_plus_gutenburg_max_per_row":"","ngg_post_thumbnail":0,"footnotes":""},"class_list":["post-1062","page","type-page","status-publish","hentry"],"yoast_head":"<!-- This site is optimized with the Yoast SEO plugin v25.2 - https:\/\/yoast.com\/wordpress\/plugins\/seo\/ -->\n<title>Impressum - Die Emotionsfotografin<\/title>\n<meta name=\"robots\" content=\"index, follow, max-snippet:-1, max-image-preview:large, max-video-preview:-1\" \/>\n<link rel=\"canonical\" href=\"https:\/\/www.die-emotionsfotografin.com\/wordpress\/impressum\/\" \/>\n<meta property=\"og:locale\" content=\"de_DE\" \/>\n<meta property=\"og:type\" content=\"article\" \/>\n<meta property=\"og:title\" content=\"Impressum - Die Emotionsfotografin\" \/>\n<meta property=\"og:url\" content=\"https:\/\/www.die-emotionsfotografin.com\/wordpress\/impressum\/\" \/>\n<meta property=\"og:site_name\" content=\"Die Emotionsfotografin\" \/>\n<meta property=\"article:modified_time\" content=\"2020-05-17T12:00:30+00:00\" \/>\n<meta name=\"twitter:card\" content=\"summary_large_image\" \/>\n<meta name=\"twitter:label1\" content=\"Gesch\u00e4tzte Lesezeit\" \/>\n\t<meta name=\"twitter:data1\" content=\"3\u00a0Minuten\" \/>\n<script type=\"application\/ld+json\" class=\"yoast-schema-graph\">{\"@context\":\"https:\/\/schema.org\",\"@graph\":[{\"@type\":\"WebPage\",\"@id\":\"https:\/\/www.die-emotionsfotografin.com\/wordpress\/impressum\/\",\"url\":\"https:\/\/www.die-emotionsfotografin.com\/wordpress\/impressum\/\",\"name\":\"Impressum - Die Emotionsfotografin\",\"isPartOf\":{\"@id\":\"https:\/\/www.die-emotionsfotografin.com\/wordpress\/#website\"},\"datePublished\":\"2016-11-30T09:19:07+00:00\",\"dateModified\":\"2020-05-17T12:00:30+00:00\",\"breadcrumb\":{\"@id\":\"https:\/\/www.die-emotionsfotografin.com\/wordpress\/impressum\/#breadcrumb\"},\"inLanguage\":\"de\",\"potentialAction\":[{\"@type\":\"ReadAction\",\"target\":[\"https:\/\/www.die-emotionsfotografin.com\/wordpress\/impressum\/\"]}]},{\"@type\":\"BreadcrumbList\",\"@id\":\"https:\/\/www.die-emotionsfotografin.com\/wordpress\/impressum\/#breadcrumb\",\"itemListElement\":[{\"@type\":\"ListItem\",\"position\":1,\"name\":\"Startseite\",\"item\":\"https:\/\/www.die-emotionsfotografin.com\/wordpress\/\"},{\"@type\":\"ListItem\",\"position\":2,\"name\":\"Impressum\"}]},{\"@type\":\"WebSite\",\"@id\":\"https:\/\/www.die-emotionsfotografin.com\/wordpress\/#website\",\"url\":\"https:\/\/www.die-emotionsfotografin.com\/wordpress\/\",\"name\":\"Die Emotionsfotografin\",\"description\":\"Elisabeth Pfahler-Scharf\",\"potentialAction\":[{\"@type\":\"SearchAction\",\"target\":{\"@type\":\"EntryPoint\",\"urlTemplate\":\"https:\/\/www.die-emotionsfotografin.com\/wordpress\/?s={search_term_string}\"},\"query-input\":{\"@type\":\"PropertyValueSpecification\",\"valueRequired\":true,\"valueName\":\"search_term_string\"}}],\"inLanguage\":\"de\"}]}<\/script>\n<!-- \/ Yoast SEO plugin. -->","yoast_head_json":{"title":"Impressum - Die Emotionsfotografin","robots":{"index":"index","follow":"follow","max-snippet":"max-snippet:-1","max-image-preview":"max-image-preview:large","max-video-preview":"max-video-preview:-1"},"canonical":"https:\/\/www.die-emotionsfotografin.com\/wordpress\/impressum\/","og_locale":"de_DE","og_type":"article","og_title":"Impressum - Die Emotionsfotografin","og_url":"https:\/\/www.die-emotionsfotografin.com\/wordpress\/impressum\/","og_site_name":"Die Emotionsfotografin","article_modified_time":"2020-05-17T12:00:30+00:00","twitter_card":"summary_large_image","twitter_misc":{"Gesch\u00e4tzte Lesezeit":"3\u00a0Minuten"},"schema":{"@context":"https:\/\/schema.org","@graph":[{"@type":"WebPage","@id":"https:\/\/www.die-emotionsfotografin.com\/wordpress\/impressum\/","url":"https:\/\/www.die-emotionsfotografin.com\/wordpress\/impressum\/","name":"Impressum - Die Emotionsfotografin","isPartOf":{"@id":"https:\/\/www.die-emotionsfotografin.com\/wordpress\/#website"},"datePublished":"2016-11-30T09:19:07+00:00","dateModified":"2020-05-17T12:00:30+00:00","breadcrumb":{"@id":"https:\/\/www.die-emotionsfotografin.com\/wordpress\/impressum\/#breadcrumb"},"inLanguage":"de","potentialAction":[{"@type":"ReadAction","target":["https:\/\/www.die-emotionsfotografin.com\/wordpress\/impressum\/"]}]},{"@type":"BreadcrumbList","@id":"https:\/\/www.die-emotionsfotografin.com\/wordpress\/impressum\/#breadcrumb","itemListElement":[{"@type":"ListItem","position":1,"name":"Startseite","item":"https:\/\/www.die-emotionsfotografin.com\/wordpress\/"},{"@type":"ListItem","position":2,"name":"Impressum"}]},{"@type":"WebSite","@id":"https:\/\/www.die-emotionsfotografin.com\/wordpress\/#website","url":"https:\/\/www.die-emotionsfotografin.com\/wordpress\/","name":"Die Emotionsfotografin","description":"Elisabeth Pfahler-Scharf","potentialAction":[{"@type":"SearchAction","target":{"@type":"EntryPoint","urlTemplate":"https:\/\/www.die-emotionsfotografin.com\/wordpress\/?s={search_term_string}"},"query-input":{"@type":"PropertyValueSpecification","valueRequired":true,"valueName":"search_term_string"}}],"inLanguage":"de"}]}},"_links":{"self":[{"href":"https:\/\/www.die-emotionsfotografin.com\/wordpress\/wp-json\/wp\/v2\/pages\/1062","targetHints":{"allow":["GET"]}}],"collection":[{"href":"https:\/\/www.die-emotionsfotografin.com\/wordpress\/wp-json\/wp\/v2\/pages"}],"about":[{"href":"https:\/\/www.die-emotionsfotografin.com\/wordpress\/wp-json\/wp\/v2\/types\/page"}],"author":[{"embeddable":true,"href":"https:\/\/www.die-emotionsfotografin.com\/wordpress\/wp-json\/wp\/v2\/users\/1"}],"replies":[{"embeddable":true,"href":"https:\/\/www.die-emotionsfotografin.com\/wordpress\/wp-json\/wp\/v2\/comments?post=1062"}],"version-history":[{"count":16,"href":"https:\/\/www.die-emotionsfotografin.com\/wordpress\/wp-json\/wp\/v2\/pages\/1062\/revisions"}],"predecessor-version":[{"id":2035,"href":"https:\/\/www.die-emotionsfotografin.com\/wordpress\/wp-json\/wp\/v2\/pages\/1062\/revisions\/2035"}],"wp:attachment":[{"href":"https:\/\/www.die-emotionsfotografin.com\/wordpress\/wp-json\/wp\/v2\/media?parent=1062"}],"curies":[{"name":"wp","href":"https:\/\/api.w.org\/{rel}","templated":true}]}}