{"id":1054,"date":"2016-11-30T10:18:19","date_gmt":"2016-11-30T09:18:19","guid":{"rendered":"http:\/\/emotionsfotografin.com\/wordpress\/?page_id=1054"},"modified":"2018-03-20T15:23:23","modified_gmt":"2018-03-20T14:23:23","slug":"fotokunst-fuer-liebhaber","status":"publish","type":"page","link":"https:\/\/www.die-emotionsfotografin.com\/wordpress\/fotokunst-fuer-liebhaber\/","title":{"rendered":"Fotokunst f\u00fcr Liebhaber"},"content":{"rendered":"<p><div class=\"fusion-fullwidth fullwidth-box fusion-builder-row-1 nonhundred-percent-fullwidth non-hundred-percent-height-scrolling\" style=\"--awb-border-radius-top-left:0px;--awb-border-radius-top-right:0px;--awb-border-radius-bottom-right:0px;--awb-border-radius-bottom-left:0px;--awb-padding-top:50px;--awb-padding-bottom:50px;--awb-margin-top:0px;--awb-background-color:#ee7508;--awb-flex-wrap:wrap;\" ><div class=\"fusion-builder-row fusion-row\"><div class=\"fusion-layout-column fusion_builder_column fusion-builder-column-0 fusion_builder_column_1_1 1_1 fusion-one-full fusion-column-first fusion-column-last\" style=\"--awb-bg-size:cover;\"><div class=\"fusion-column-wrapper fusion-flex-column-wrapper-legacy\"><div class=\"fusion-title title fusion-title-1 fusion-sep-none fusion-title-text fusion-title-size-two\"><h2 class=\"fusion-title-heading title-heading-left fusion-responsive-typography-calculated\" style=\"margin:0;--fontSize:35;line-height:1.28;\"><p style=\"text-align: center;\">FOTOKUNST F\u00dcR LIEBHABER<\/p>\n<p>&nbsp;<\/p><\/h2><\/div><div class=\"fusion-text fusion-text-1\"><p style=\"text-align: center;\">Mit gro\u00dfer Hingabe und Faszination fange ich mit meiner Kamera mystische Landschaften, aber auch kleine, feine Details oder Lichtreflexionen ein. Bildliche Impressionen, an welchen die meisten Menschen im Alltag achtlos vorbeigehen.<\/p>\n<p style=\"text-align: center;\">Mich fasziniert, wenn das sogenannte Unscheinbare, Allt\u00e4gliche, vielleicht auch scheinbar H\u00e4ssliche durch meine Interpretation mit der Kamera eine v\u00f6llig neue, verbl\u00fcffende Dimension erh\u00e4lt. So kann aus dem Unscheinbaren etwas Strahlendes, Wundersch\u00f6nes werden. Es liegt immer im Auge des Betrachters.<\/p>\n<p style=\"text-align: center;\">Besonders angetan bin ich von der Verbindung von Licht und Wasser in seinen unterschiedlichen Formen &#8211; vom flie\u00dfenden Zustand bis hin zu erstarrtem Eis. Gerne tauche ich auch in die Welt der Reflexionen ein und staune, was sich mir bei n\u00e4herem Hinsehen offenbart.<\/p>\n<p style=\"text-align: center;\"><strong>Diese besonderen Stimmungen m\u00f6chte ich mit meiner Fotokunst gerne an sie weitergeben. Es sind Bilder mit Seele, die ber\u00fchren sollen.<\/strong><\/p>\n<p style=\"text-align: center;\">Haben Sie in ihrer privaten Umgebung, Ihrer Praxis oder Ihren Gesch\u00e4ftsr\u00e4umen einen Platz, der mit einem besonderen Bild gef\u00fcllt werden soll?<\/p>\n<p style=\"text-align: center;\">Die in der Galerie gezeigten Fotos k\u00f6nnen Sie k\u00e4uflich erwerben. Sprechen Sie mich an, und wir \u00fcberlegen uns zusammen, wie gro\u00df oder auf welchem Tr\u00e4ger (Leinwand,&nbsp; als Acrylbild, auf Holz oder als individueller Lichtkasten) es bei Ihnen am besten zur Geltung kommt. Sie sollen lange Freude dran haben!<\/p>\n<\/div><div class=\"fusion-clearfix\"><\/div><\/div><\/div><\/div><\/div><div class=\"fusion-fullwidth fullwidth-box fusion-builder-row-2 nonhundred-percent-fullwidth non-hundred-percent-height-scrolling\" style=\"--awb-border-radius-top-left:0px;--awb-border-radius-top-right:0px;--awb-border-radius-bottom-right:0px;--awb-border-radius-bottom-left:0px;--awb-padding-top:100px;--awb-padding-bottom:100px;--awb-background-color:#3c3c3b;--awb-flex-wrap:wrap;\" ><div class=\"fusion-builder-row fusion-row\"><div class=\"fusion-layout-column fusion_builder_column fusion-builder-column-1 fusion_builder_column_1_1 1_1 fusion-one-full fusion-column-first fusion-column-last\" style=\"--awb-bg-size:cover;\"><div class=\"fusion-column-wrapper fusion-flex-column-wrapper-legacy\"><div class=\"fusion-image-carousel fusion-image-carousel-auto fusion-image-carousel-1\"><div class=\"awb-carousel awb-swiper awb-swiper-carousel\" data-autoplay=\"yes\" data-columns=\"1\" data-itemmargin=\"13\" data-itemwidth=\"180\" data-touchscroll=\"no\" data-imagesize=\"auto\" style=\"--awb-columns:1;\"><div class=\"swiper-wrapper awb-image-carousel-wrapper fusion-flex-align-items-center\"><div class=\"swiper-slide\"><div class=\"fusion-carousel-item-wrapper\"><div class=\"fusion-image-wrapper hover-type-zoomin\"><img decoding=\"async\" width=\"1276\" height=\"850\" src=\"https:\/\/www.die-emotionsfotografin.com\/wordpress\/wp-content\/uploads\/2016\/11\/Reflexion1.jpg\" class=\"attachment-full size-full\" alt=\"\" srcset=\"https:\/\/www.die-emotionsfotografin.com\/wordpress\/wp-content\/uploads\/2016\/11\/Reflexion1-200x133.jpg 200w, https:\/\/www.die-emotionsfotografin.com\/wordpress\/wp-content\/uploads\/2016\/11\/Reflexion1-300x200.jpg 300w, https:\/\/www.die-emotionsfotografin.com\/wordpress\/wp-content\/uploads\/2016\/11\/Reflexion1-400x266.jpg 400w, https:\/\/www.die-emotionsfotografin.com\/wordpress\/wp-content\/uploads\/2016\/11\/Reflexion1-600x400.jpg 600w, https:\/\/www.die-emotionsfotografin.com\/wordpress\/wp-content\/uploads\/2016\/11\/Reflexion1-768x512.jpg 768w, https:\/\/www.die-emotionsfotografin.com\/wordpress\/wp-content\/uploads\/2016\/11\/Reflexion1-800x533.jpg 800w, https:\/\/www.die-emotionsfotografin.com\/wordpress\/wp-content\/uploads\/2016\/11\/Reflexion1-1024x682.jpg 1024w, https:\/\/www.die-emotionsfotografin.com\/wordpress\/wp-content\/uploads\/2016\/11\/Reflexion1-1200x799.jpg 1200w, https:\/\/www.die-emotionsfotografin.com\/wordpress\/wp-content\/uploads\/2016\/11\/Reflexion1.jpg 1276w\" sizes=\"(max-width: 1276px) 100vw, 1276px\" \/><\/div><\/div><\/div><div class=\"swiper-slide\"><div class=\"fusion-carousel-item-wrapper\"><div class=\"fusion-image-wrapper hover-type-zoomin\"><img decoding=\"async\" width=\"1276\" height=\"850\" src=\"https:\/\/www.die-emotionsfotografin.com\/wordpress\/wp-content\/uploads\/2016\/11\/Reflexion2-1.jpg\" class=\"attachment-full size-full\" alt=\"\" srcset=\"https:\/\/www.die-emotionsfotografin.com\/wordpress\/wp-content\/uploads\/2016\/11\/Reflexion2-1-200x133.jpg 200w, https:\/\/www.die-emotionsfotografin.com\/wordpress\/wp-content\/uploads\/2016\/11\/Reflexion2-1-300x200.jpg 300w, https:\/\/www.die-emotionsfotografin.com\/wordpress\/wp-content\/uploads\/2016\/11\/Reflexion2-1-400x266.jpg 400w, https:\/\/www.die-emotionsfotografin.com\/wordpress\/wp-content\/uploads\/2016\/11\/Reflexion2-1-600x400.jpg 600w, https:\/\/www.die-emotionsfotografin.com\/wordpress\/wp-content\/uploads\/2016\/11\/Reflexion2-1-768x512.jpg 768w, https:\/\/www.die-emotionsfotografin.com\/wordpress\/wp-content\/uploads\/2016\/11\/Reflexion2-1-800x533.jpg 800w, https:\/\/www.die-emotionsfotografin.com\/wordpress\/wp-content\/uploads\/2016\/11\/Reflexion2-1-1024x682.jpg 1024w, https:\/\/www.die-emotionsfotografin.com\/wordpress\/wp-content\/uploads\/2016\/11\/Reflexion2-1-1200x799.jpg 1200w, https:\/\/www.die-emotionsfotografin.com\/wordpress\/wp-content\/uploads\/2016\/11\/Reflexion2-1.jpg 1276w\" sizes=\"(max-width: 1276px) 100vw, 1276px\" \/><\/div><\/div><\/div><div class=\"swiper-slide\"><div class=\"fusion-carousel-item-wrapper\"><div class=\"fusion-image-wrapper hover-type-zoomin\"><img decoding=\"async\" width=\"1276\" height=\"850\" src=\"https:\/\/www.die-emotionsfotografin.com\/wordpress\/wp-content\/uploads\/2016\/11\/Reflexion4.jpg\" class=\"attachment-full size-full\" alt=\"\" srcset=\"https:\/\/www.die-emotionsfotografin.com\/wordpress\/wp-content\/uploads\/2016\/11\/Reflexion4-200x133.jpg 200w, https:\/\/www.die-emotionsfotografin.com\/wordpress\/wp-content\/uploads\/2016\/11\/Reflexion4-300x200.jpg 300w, https:\/\/www.die-emotionsfotografin.com\/wordpress\/wp-content\/uploads\/2016\/11\/Reflexion4-400x266.jpg 400w, https:\/\/www.die-emotionsfotografin.com\/wordpress\/wp-content\/uploads\/2016\/11\/Reflexion4-600x400.jpg 600w, https:\/\/www.die-emotionsfotografin.com\/wordpress\/wp-content\/uploads\/2016\/11\/Reflexion4-768x512.jpg 768w, https:\/\/www.die-emotionsfotografin.com\/wordpress\/wp-content\/uploads\/2016\/11\/Reflexion4-800x533.jpg 800w, https:\/\/www.die-emotionsfotografin.com\/wordpress\/wp-content\/uploads\/2016\/11\/Reflexion4-1024x682.jpg 1024w, https:\/\/www.die-emotionsfotografin.com\/wordpress\/wp-content\/uploads\/2016\/11\/Reflexion4-1200x799.jpg 1200w, https:\/\/www.die-emotionsfotografin.com\/wordpress\/wp-content\/uploads\/2016\/11\/Reflexion4.jpg 1276w\" sizes=\"(max-width: 1276px) 100vw, 1276px\" \/><\/div><\/div><\/div><div class=\"swiper-slide\"><div class=\"fusion-carousel-item-wrapper\"><div class=\"fusion-image-wrapper hover-type-zoomin\"><img decoding=\"async\" width=\"1276\" height=\"850\" src=\"https:\/\/www.die-emotionsfotografin.com\/wordpress\/wp-content\/uploads\/2016\/11\/Reflexion3.jpg\" class=\"attachment-full size-full\" alt=\"\" srcset=\"https:\/\/www.die-emotionsfotografin.com\/wordpress\/wp-content\/uploads\/2016\/11\/Reflexion3-200x133.jpg 200w, https:\/\/www.die-emotionsfotografin.com\/wordpress\/wp-content\/uploads\/2016\/11\/Reflexion3-300x200.jpg 300w, https:\/\/www.die-emotionsfotografin.com\/wordpress\/wp-content\/uploads\/2016\/11\/Reflexion3-400x266.jpg 400w, https:\/\/www.die-emotionsfotografin.com\/wordpress\/wp-content\/uploads\/2016\/11\/Reflexion3-600x400.jpg 600w, https:\/\/www.die-emotionsfotografin.com\/wordpress\/wp-content\/uploads\/2016\/11\/Reflexion3-768x512.jpg 768w, https:\/\/www.die-emotionsfotografin.com\/wordpress\/wp-content\/uploads\/2016\/11\/Reflexion3-800x533.jpg 800w, https:\/\/www.die-emotionsfotografin.com\/wordpress\/wp-content\/uploads\/2016\/11\/Reflexion3-1024x682.jpg 1024w, https:\/\/www.die-emotionsfotografin.com\/wordpress\/wp-content\/uploads\/2016\/11\/Reflexion3-1200x799.jpg 1200w, https:\/\/www.die-emotionsfotografin.com\/wordpress\/wp-content\/uploads\/2016\/11\/Reflexion3.jpg 1276w\" sizes=\"(max-width: 1276px) 100vw, 1276px\" \/><\/div><\/div><\/div><div class=\"swiper-slide\"><div class=\"fusion-carousel-item-wrapper\"><div class=\"fusion-image-wrapper hover-type-zoomin\"><img decoding=\"async\" width=\"1276\" height=\"850\" src=\"https:\/\/www.die-emotionsfotografin.com\/wordpress\/wp-content\/uploads\/2016\/11\/Reflexion5.jpg\" class=\"attachment-full size-full\" alt=\"www.die-emotionsfotografin.de\" srcset=\"https:\/\/www.die-emotionsfotografin.com\/wordpress\/wp-content\/uploads\/2016\/11\/Reflexion5-200x133.jpg 200w, https:\/\/www.die-emotionsfotografin.com\/wordpress\/wp-content\/uploads\/2016\/11\/Reflexion5-300x200.jpg 300w, https:\/\/www.die-emotionsfotografin.com\/wordpress\/wp-content\/uploads\/2016\/11\/Reflexion5-400x266.jpg 400w, https:\/\/www.die-emotionsfotografin.com\/wordpress\/wp-content\/uploads\/2016\/11\/Reflexion5-600x400.jpg 600w, https:\/\/www.die-emotionsfotografin.com\/wordpress\/wp-content\/uploads\/2016\/11\/Reflexion5-768x512.jpg 768w, https:\/\/www.die-emotionsfotografin.com\/wordpress\/wp-content\/uploads\/2016\/11\/Reflexion5-800x533.jpg 800w, https:\/\/www.die-emotionsfotografin.com\/wordpress\/wp-content\/uploads\/2016\/11\/Reflexion5-1024x682.jpg 1024w, https:\/\/www.die-emotionsfotografin.com\/wordpress\/wp-content\/uploads\/2016\/11\/Reflexion5-1200x799.jpg 1200w, https:\/\/www.die-emotionsfotografin.com\/wordpress\/wp-content\/uploads\/2016\/11\/Reflexion5.jpg 1276w\" sizes=\"(max-width: 1276px) 100vw, 1276px\" \/><\/div><\/div><\/div><div class=\"swiper-slide\"><div class=\"fusion-carousel-item-wrapper\"><div class=\"fusion-image-wrapper hover-type-zoomin\"><img decoding=\"async\" width=\"1276\" height=\"850\" src=\"https:\/\/www.die-emotionsfotografin.com\/wordpress\/wp-content\/uploads\/2016\/11\/a_million-thoughts.jpg\" class=\"attachment-full size-full\" alt=\"Foto Reflexion Wasser \" srcset=\"https:\/\/www.die-emotionsfotografin.com\/wordpress\/wp-content\/uploads\/2016\/11\/a_million-thoughts-200x133.jpg 200w, https:\/\/www.die-emotionsfotografin.com\/wordpress\/wp-content\/uploads\/2016\/11\/a_million-thoughts-300x200.jpg 300w, https:\/\/www.die-emotionsfotografin.com\/wordpress\/wp-content\/uploads\/2016\/11\/a_million-thoughts-400x266.jpg 400w, https:\/\/www.die-emotionsfotografin.com\/wordpress\/wp-content\/uploads\/2016\/11\/a_million-thoughts-600x400.jpg 600w, https:\/\/www.die-emotionsfotografin.com\/wordpress\/wp-content\/uploads\/2016\/11\/a_million-thoughts-768x512.jpg 768w, https:\/\/www.die-emotionsfotografin.com\/wordpress\/wp-content\/uploads\/2016\/11\/a_million-thoughts-800x533.jpg 800w, https:\/\/www.die-emotionsfotografin.com\/wordpress\/wp-content\/uploads\/2016\/11\/a_million-thoughts-1024x682.jpg 1024w, https:\/\/www.die-emotionsfotografin.com\/wordpress\/wp-content\/uploads\/2016\/11\/a_million-thoughts-1200x799.jpg 1200w, https:\/\/www.die-emotionsfotografin.com\/wordpress\/wp-content\/uploads\/2016\/11\/a_million-thoughts.jpg 1276w\" sizes=\"(max-width: 1276px) 100vw, 1276px\" \/><\/div><\/div><\/div><div class=\"swiper-slide\"><div class=\"fusion-carousel-item-wrapper\"><div class=\"fusion-image-wrapper hover-type-zoomin\"><img decoding=\"async\" width=\"1276\" height=\"850\" src=\"https:\/\/www.die-emotionsfotografin.com\/wordpress\/wp-content\/uploads\/2016\/11\/Blattwerk2.jpg\" class=\"attachment-full size-full\" alt=\"Foto Natur Kunst Reflexion Wasser\" srcset=\"https:\/\/www.die-emotionsfotografin.com\/wordpress\/wp-content\/uploads\/2016\/11\/Blattwerk2-200x133.jpg 200w, https:\/\/www.die-emotionsfotografin.com\/wordpress\/wp-content\/uploads\/2016\/11\/Blattwerk2-300x200.jpg 300w, https:\/\/www.die-emotionsfotografin.com\/wordpress\/wp-content\/uploads\/2016\/11\/Blattwerk2-400x266.jpg 400w, https:\/\/www.die-emotionsfotografin.com\/wordpress\/wp-content\/uploads\/2016\/11\/Blattwerk2-600x400.jpg 600w, https:\/\/www.die-emotionsfotografin.com\/wordpress\/wp-content\/uploads\/2016\/11\/Blattwerk2-768x512.jpg 768w, https:\/\/www.die-emotionsfotografin.com\/wordpress\/wp-content\/uploads\/2016\/11\/Blattwerk2-800x533.jpg 800w, https:\/\/www.die-emotionsfotografin.com\/wordpress\/wp-content\/uploads\/2016\/11\/Blattwerk2-1024x682.jpg 1024w, https:\/\/www.die-emotionsfotografin.com\/wordpress\/wp-content\/uploads\/2016\/11\/Blattwerk2-1200x799.jpg 1200w, https:\/\/www.die-emotionsfotografin.com\/wordpress\/wp-content\/uploads\/2016\/11\/Blattwerk2.jpg 1276w\" sizes=\"(max-width: 1276px) 100vw, 1276px\" \/><\/div><\/div><\/div><div class=\"swiper-slide\"><div class=\"fusion-carousel-item-wrapper\"><div class=\"fusion-image-wrapper hover-type-zoomin\"><img decoding=\"async\" width=\"1276\" height=\"850\" src=\"https:\/\/www.die-emotionsfotografin.com\/wordpress\/wp-content\/uploads\/2016\/11\/Blattwerk.jpg\" class=\"attachment-full size-full\" alt=\"Foto Natur Bl\u00e4tter abstrakt\" srcset=\"https:\/\/www.die-emotionsfotografin.com\/wordpress\/wp-content\/uploads\/2016\/11\/Blattwerk-200x133.jpg 200w, https:\/\/www.die-emotionsfotografin.com\/wordpress\/wp-content\/uploads\/2016\/11\/Blattwerk-300x200.jpg 300w, https:\/\/www.die-emotionsfotografin.com\/wordpress\/wp-content\/uploads\/2016\/11\/Blattwerk-400x266.jpg 400w, https:\/\/www.die-emotionsfotografin.com\/wordpress\/wp-content\/uploads\/2016\/11\/Blattwerk-600x400.jpg 600w, https:\/\/www.die-emotionsfotografin.com\/wordpress\/wp-content\/uploads\/2016\/11\/Blattwerk-768x512.jpg 768w, https:\/\/www.die-emotionsfotografin.com\/wordpress\/wp-content\/uploads\/2016\/11\/Blattwerk-800x533.jpg 800w, https:\/\/www.die-emotionsfotografin.com\/wordpress\/wp-content\/uploads\/2016\/11\/Blattwerk-1024x682.jpg 1024w, https:\/\/www.die-emotionsfotografin.com\/wordpress\/wp-content\/uploads\/2016\/11\/Blattwerk-1200x799.jpg 1200w, https:\/\/www.die-emotionsfotografin.com\/wordpress\/wp-content\/uploads\/2016\/11\/Blattwerk.jpg 1276w\" sizes=\"(max-width: 1276px) 100vw, 1276px\" \/><\/div><\/div><\/div><div class=\"swiper-slide\"><div class=\"fusion-carousel-item-wrapper\"><div class=\"fusion-image-wrapper hover-type-zoomin\"><img decoding=\"async\" width=\"1276\" height=\"850\" src=\"https:\/\/www.die-emotionsfotografin.com\/wordpress\/wp-content\/uploads\/2016\/11\/Buddha.jpg\" class=\"attachment-full size-full\" alt=\"Elisabeth Pfahler-Scharf\" srcset=\"https:\/\/www.die-emotionsfotografin.com\/wordpress\/wp-content\/uploads\/2016\/11\/Buddha-200x133.jpg 200w, https:\/\/www.die-emotionsfotografin.com\/wordpress\/wp-content\/uploads\/2016\/11\/Buddha-300x200.jpg 300w, https:\/\/www.die-emotionsfotografin.com\/wordpress\/wp-content\/uploads\/2016\/11\/Buddha-400x266.jpg 400w, https:\/\/www.die-emotionsfotografin.com\/wordpress\/wp-content\/uploads\/2016\/11\/Buddha-600x400.jpg 600w, https:\/\/www.die-emotionsfotografin.com\/wordpress\/wp-content\/uploads\/2016\/11\/Buddha-768x512.jpg 768w, https:\/\/www.die-emotionsfotografin.com\/wordpress\/wp-content\/uploads\/2016\/11\/Buddha-800x533.jpg 800w, https:\/\/www.die-emotionsfotografin.com\/wordpress\/wp-content\/uploads\/2016\/11\/Buddha-1024x682.jpg 1024w, https:\/\/www.die-emotionsfotografin.com\/wordpress\/wp-content\/uploads\/2016\/11\/Buddha-1200x799.jpg 1200w, https:\/\/www.die-emotionsfotografin.com\/wordpress\/wp-content\/uploads\/2016\/11\/Buddha.jpg 1276w\" sizes=\"(max-width: 1276px) 100vw, 1276px\" \/><\/div><\/div><\/div><div class=\"swiper-slide\"><div class=\"fusion-carousel-item-wrapper\"><div class=\"fusion-image-wrapper hover-type-zoomin\"><img decoding=\"async\" width=\"1276\" height=\"850\" src=\"https:\/\/www.die-emotionsfotografin.com\/wordpress\/wp-content\/uploads\/2016\/11\/Wind.jpg\" class=\"attachment-full size-full\" alt=\"Foto Gras Meditation Kunst\" srcset=\"https:\/\/www.die-emotionsfotografin.com\/wordpress\/wp-content\/uploads\/2016\/11\/Wind-200x133.jpg 200w, https:\/\/www.die-emotionsfotografin.com\/wordpress\/wp-content\/uploads\/2016\/11\/Wind-300x200.jpg 300w, https:\/\/www.die-emotionsfotografin.com\/wordpress\/wp-content\/uploads\/2016\/11\/Wind-400x266.jpg 400w, https:\/\/www.die-emotionsfotografin.com\/wordpress\/wp-content\/uploads\/2016\/11\/Wind-600x400.jpg 600w, https:\/\/www.die-emotionsfotografin.com\/wordpress\/wp-content\/uploads\/2016\/11\/Wind-768x512.jpg 768w, https:\/\/www.die-emotionsfotografin.com\/wordpress\/wp-content\/uploads\/2016\/11\/Wind-800x533.jpg 800w, https:\/\/www.die-emotionsfotografin.com\/wordpress\/wp-content\/uploads\/2016\/11\/Wind-1024x682.jpg 1024w, https:\/\/www.die-emotionsfotografin.com\/wordpress\/wp-content\/uploads\/2016\/11\/Wind-1200x799.jpg 1200w, https:\/\/www.die-emotionsfotografin.com\/wordpress\/wp-content\/uploads\/2016\/11\/Wind.jpg 1276w\" sizes=\"(max-width: 1276px) 100vw, 1276px\" \/><\/div><\/div><\/div><div class=\"swiper-slide\"><div class=\"fusion-carousel-item-wrapper\"><div class=\"fusion-image-wrapper hover-type-zoomin\"><img decoding=\"async\" width=\"1276\" height=\"850\" src=\"https:\/\/www.die-emotionsfotografin.com\/wordpress\/wp-content\/uploads\/2016\/11\/Island.jpg\" class=\"attachment-full size-full\" alt=\"Foto Meer Island effektvoll\" srcset=\"https:\/\/www.die-emotionsfotografin.com\/wordpress\/wp-content\/uploads\/2016\/11\/Island-200x133.jpg 200w, https:\/\/www.die-emotionsfotografin.com\/wordpress\/wp-content\/uploads\/2016\/11\/Island-300x200.jpg 300w, https:\/\/www.die-emotionsfotografin.com\/wordpress\/wp-content\/uploads\/2016\/11\/Island-400x266.jpg 400w, https:\/\/www.die-emotionsfotografin.com\/wordpress\/wp-content\/uploads\/2016\/11\/Island-600x400.jpg 600w, https:\/\/www.die-emotionsfotografin.com\/wordpress\/wp-content\/uploads\/2016\/11\/Island-768x512.jpg 768w, https:\/\/www.die-emotionsfotografin.com\/wordpress\/wp-content\/uploads\/2016\/11\/Island-800x533.jpg 800w, https:\/\/www.die-emotionsfotografin.com\/wordpress\/wp-content\/uploads\/2016\/11\/Island-1024x682.jpg 1024w, https:\/\/www.die-emotionsfotografin.com\/wordpress\/wp-content\/uploads\/2016\/11\/Island-1200x799.jpg 1200w, https:\/\/www.die-emotionsfotografin.com\/wordpress\/wp-content\/uploads\/2016\/11\/Island.jpg 1276w\" sizes=\"(max-width: 1276px) 100vw, 1276px\" \/><\/div><\/div><\/div><\/div><div class=\"awb-swiper-button awb-swiper-button-prev\"><i class=\"awb-icon-angle-left\" aria-hidden=\"true\"><\/i><\/div><div class=\"awb-swiper-button awb-swiper-button-next\"><i class=\"awb-icon-angle-right\" aria-hidden=\"true\"><\/i><\/div><\/div><\/div><div class=\"fusion-clearfix\"><\/div><\/div><\/div><\/div><\/div><\/p>\n","protected":false},"excerpt":{"rendered":"","protected":false},"author":1,"featured_media":0,"parent":0,"menu_order":0,"comment_status":"closed","ping_status":"closed","template":"100-width.php","meta":{"sfsi_plus_gutenberg_text_before_share":"","sfsi_plus_gutenberg_show_text_before_share":"","sfsi_plus_gutenberg_icon_type":"","sfsi_plus_gutenberg_icon_alignemt":"","sfsi_plus_gutenburg_max_per_row":"","ngg_post_thumbnail":0,"footnotes":""},"class_list":["post-1054","page","type-page","status-publish","hentry"],"yoast_head":"<!-- This site is optimized with the Yoast SEO plugin v25.2 - https:\/\/yoast.com\/wordpress\/plugins\/seo\/ -->\n<title>Fotokunst f\u00fcr Liebhaber - Die Emotionsfotografin<\/title>\n<meta name=\"robots\" content=\"index, follow, max-snippet:-1, max-image-preview:large, max-video-preview:-1\" \/>\n<link rel=\"canonical\" href=\"https:\/\/www.die-emotionsfotografin.com\/wordpress\/fotokunst-fuer-liebhaber\/\" \/>\n<meta property=\"og:locale\" content=\"de_DE\" \/>\n<meta property=\"og:type\" content=\"article\" \/>\n<meta property=\"og:title\" content=\"Fotokunst f\u00fcr Liebhaber - Die Emotionsfotografin\" \/>\n<meta property=\"og:url\" content=\"https:\/\/www.die-emotionsfotografin.com\/wordpress\/fotokunst-fuer-liebhaber\/\" \/>\n<meta property=\"og:site_name\" content=\"Die Emotionsfotografin\" \/>\n<meta property=\"article:modified_time\" content=\"2018-03-20T14:23:23+00:00\" \/>\n<meta name=\"twitter:card\" content=\"summary_large_image\" \/>\n<meta name=\"twitter:label1\" content=\"Gesch\u00e4tzte Lesezeit\" \/>\n\t<meta name=\"twitter:data1\" content=\"4\u00a0Minuten\" \/>\n<script type=\"application\/ld+json\" class=\"yoast-schema-graph\">{\"@context\":\"https:\/\/schema.org\",\"@graph\":[{\"@type\":\"WebPage\",\"@id\":\"https:\/\/www.die-emotionsfotografin.com\/wordpress\/fotokunst-fuer-liebhaber\/\",\"url\":\"https:\/\/www.die-emotionsfotografin.com\/wordpress\/fotokunst-fuer-liebhaber\/\",\"name\":\"Fotokunst f\u00fcr Liebhaber - Die Emotionsfotografin\",\"isPartOf\":{\"@id\":\"https:\/\/www.die-emotionsfotografin.com\/wordpress\/#website\"},\"datePublished\":\"2016-11-30T09:18:19+00:00\",\"dateModified\":\"2018-03-20T14:23:23+00:00\",\"breadcrumb\":{\"@id\":\"https:\/\/www.die-emotionsfotografin.com\/wordpress\/fotokunst-fuer-liebhaber\/#breadcrumb\"},\"inLanguage\":\"de\",\"potentialAction\":[{\"@type\":\"ReadAction\",\"target\":[\"https:\/\/www.die-emotionsfotografin.com\/wordpress\/fotokunst-fuer-liebhaber\/\"]}]},{\"@type\":\"BreadcrumbList\",\"@id\":\"https:\/\/www.die-emotionsfotografin.com\/wordpress\/fotokunst-fuer-liebhaber\/#breadcrumb\",\"itemListElement\":[{\"@type\":\"ListItem\",\"position\":1,\"name\":\"Startseite\",\"item\":\"https:\/\/www.die-emotionsfotografin.com\/wordpress\/\"},{\"@type\":\"ListItem\",\"position\":2,\"name\":\"Fotokunst f\u00fcr Liebhaber\"}]},{\"@type\":\"WebSite\",\"@id\":\"https:\/\/www.die-emotionsfotografin.com\/wordpress\/#website\",\"url\":\"https:\/\/www.die-emotionsfotografin.com\/wordpress\/\",\"name\":\"Die Emotionsfotografin\",\"description\":\"Elisabeth Pfahler-Scharf\",\"potentialAction\":[{\"@type\":\"SearchAction\",\"target\":{\"@type\":\"EntryPoint\",\"urlTemplate\":\"https:\/\/www.die-emotionsfotografin.com\/wordpress\/?s={search_term_string}\"},\"query-input\":{\"@type\":\"PropertyValueSpecification\",\"valueRequired\":true,\"valueName\":\"search_term_string\"}}],\"inLanguage\":\"de\"}]}<\/script>\n<!-- \/ Yoast SEO plugin. -->","yoast_head_json":{"title":"Fotokunst f\u00fcr Liebhaber - Die Emotionsfotografin","robots":{"index":"index","follow":"follow","max-snippet":"max-snippet:-1","max-image-preview":"max-image-preview:large","max-video-preview":"max-video-preview:-1"},"canonical":"https:\/\/www.die-emotionsfotografin.com\/wordpress\/fotokunst-fuer-liebhaber\/","og_locale":"de_DE","og_type":"article","og_title":"Fotokunst f\u00fcr Liebhaber - Die Emotionsfotografin","og_url":"https:\/\/www.die-emotionsfotografin.com\/wordpress\/fotokunst-fuer-liebhaber\/","og_site_name":"Die Emotionsfotografin","article_modified_time":"2018-03-20T14:23:23+00:00","twitter_card":"summary_large_image","twitter_misc":{"Gesch\u00e4tzte Lesezeit":"4\u00a0Minuten"},"schema":{"@context":"https:\/\/schema.org","@graph":[{"@type":"WebPage","@id":"https:\/\/www.die-emotionsfotografin.com\/wordpress\/fotokunst-fuer-liebhaber\/","url":"https:\/\/www.die-emotionsfotografin.com\/wordpress\/fotokunst-fuer-liebhaber\/","name":"Fotokunst f\u00fcr Liebhaber - Die Emotionsfotografin","isPartOf":{"@id":"https:\/\/www.die-emotionsfotografin.com\/wordpress\/#website"},"datePublished":"2016-11-30T09:18:19+00:00","dateModified":"2018-03-20T14:23:23+00:00","breadcrumb":{"@id":"https:\/\/www.die-emotionsfotografin.com\/wordpress\/fotokunst-fuer-liebhaber\/#breadcrumb"},"inLanguage":"de","potentialAction":[{"@type":"ReadAction","target":["https:\/\/www.die-emotionsfotografin.com\/wordpress\/fotokunst-fuer-liebhaber\/"]}]},{"@type":"BreadcrumbList","@id":"https:\/\/www.die-emotionsfotografin.com\/wordpress\/fotokunst-fuer-liebhaber\/#breadcrumb","itemListElement":[{"@type":"ListItem","position":1,"name":"Startseite","item":"https:\/\/www.die-emotionsfotografin.com\/wordpress\/"},{"@type":"ListItem","position":2,"name":"Fotokunst f\u00fcr Liebhaber"}]},{"@type":"WebSite","@id":"https:\/\/www.die-emotionsfotografin.com\/wordpress\/#website","url":"https:\/\/www.die-emotionsfotografin.com\/wordpress\/","name":"Die Emotionsfotografin","description":"Elisabeth Pfahler-Scharf","potentialAction":[{"@type":"SearchAction","target":{"@type":"EntryPoint","urlTemplate":"https:\/\/www.die-emotionsfotografin.com\/wordpress\/?s={search_term_string}"},"query-input":{"@type":"PropertyValueSpecification","valueRequired":true,"valueName":"search_term_string"}}],"inLanguage":"de"}]}},"_links":{"self":[{"href":"https:\/\/www.die-emotionsfotografin.com\/wordpress\/wp-json\/wp\/v2\/pages\/1054","targetHints":{"allow":["GET"]}}],"collection":[{"href":"https:\/\/www.die-emotionsfotografin.com\/wordpress\/wp-json\/wp\/v2\/pages"}],"about":[{"href":"https:\/\/www.die-emotionsfotografin.com\/wordpress\/wp-json\/wp\/v2\/types\/page"}],"author":[{"embeddable":true,"href":"https:\/\/www.die-emotionsfotografin.com\/wordpress\/wp-json\/wp\/v2\/users\/1"}],"replies":[{"embeddable":true,"href":"https:\/\/www.die-emotionsfotografin.com\/wordpress\/wp-json\/wp\/v2\/comments?post=1054"}],"version-history":[{"count":20,"href":"https:\/\/www.die-emotionsfotografin.com\/wordpress\/wp-json\/wp\/v2\/pages\/1054\/revisions"}],"predecessor-version":[{"id":1992,"href":"https:\/\/www.die-emotionsfotografin.com\/wordpress\/wp-json\/wp\/v2\/pages\/1054\/revisions\/1992"}],"wp:attachment":[{"href":"https:\/\/www.die-emotionsfotografin.com\/wordpress\/wp-json\/wp\/v2\/media?parent=1054"}],"curies":[{"name":"wp","href":"https:\/\/api.w.org\/{rel}","templated":true}]}}