{"id":102,"date":"2015-07-16T15:42:49","date_gmt":"2015-07-16T13:42:49","guid":{"rendered":"http:\/\/www.die-emotionsfotografin.de\/blog\/?page_id=102"},"modified":"2022-07-18T11:55:24","modified_gmt":"2022-07-18T09:55:24","slug":"wer-sind-die-fotodetektivinnen","status":"publish","type":"page","link":"https:\/\/www.die-emotionsfotografin.com\/blog\/die-fotodetektivinnen\/wer-sind-die-fotodetektivinnen\/","title":{"rendered":"Wer sind die FotodetektivInnen?"},"content":{"rendered":"<h3><strong>Fotobegeisterte Menschen mit Sp\u00fcrnase!<\/strong><\/h3>\n<p>Vor allem sind die FotodetektivInnen gute Beobachter, die mit dem richtigen Riecher und unter Anleitung von Obersp\u00fcrnase Elisabeth Pfahler-Scharf spannende Motive unter ihre Lupe nehmen. Dabei decken Sie Dinge auf, die f\u00fcr Aussenstehende oft gar nicht sichtbar sind und ungeahnte Einblicke in geheime Winkel er\u00f6ffnen.<\/p>\n<h3>Spannenden (Foto-)Motiven auf der Spur<\/h3>\n<p>Der Spa\u00df am Experimentieren, die Lust auf neue und kreative Erkundungen stehen im Vordergrund \u2013 schlie\u00dflich m\u00fcssen DetektivInnen immer erfinderisch sein und auch einmal ungew\u00f6hnliche Ermittlungsmethoden anwenden.<\/p>\n<p>F\u00fcr notwendige Perspektivenwechsel sind sich die Fotodetektivinnen nie zu schade. Hauptsache, das observierte Objekt kommt dabei in den Kasten. Die Fototechnik flie\u00dft dann ganz automatisch mit ein. Werkzeug ist nat\u00fcrlich auch wichtig. Klar.<\/p>\n<p>Und dann sind da zum Schluss die entscheidenden Beweisfotos &#8211; mit ganz pers\u00f6nlichem Fingerabdruck versteht sich. Bilder, hinter denen Stories stecken, die du ganz bestimmt nicht geheim halten m\u00f6chtest.<\/p>\n<h3>Gehe mit uns auf fotografische Entdeckungstour!<\/h3>\n<p>Wenn auch du Lust auf au\u00dfergew\u00f6hnliche fotografische Entdeckungstouren, kreativen Austausch mit Gleichgesinnten hast und dich fotografisch weiterentwickeln m\u00f6chtest, dann nehme teil an meinen unterschiedlichen <a href=\"http:\/\/www.die-emotionsfotografin.de\/blog\/workshops-2\/workshops-fuer-gruppen\/\">Gruppenworkshops<\/a> oder buche einen individuellen <a href=\"http:\/\/www.die-emotionsfotografin.de\/blog\/workshops-2\/exklusiv-workshops\/\">Exklusiv-Workshop<\/a>.<\/p>\n<p>Und keine Sorge: Es ist noch keine FotodetektivIn vom Himmel gefallen. Egal, wie gut du mit der Kamera umgehen kannst, ich zeige dir, wie du die besten Ergebnisse ans Tageslicht bef\u00f6rderst.<\/p>\n<h3>Schon gemerkt: Du hast kein Alibi mehr!<\/h3>\n","protected":false},"excerpt":{"rendered":"<p>Fotobegeisterte Menschen mit Sp\u00fcrnase! Vor allem sind die FotodetektivInnen gute Beobachter, die mit dem richtigen Riecher und unter Anleitung von Obersp\u00fcrnase Elisabeth Pfahler-Scharf spannende Motive unter ihre Lupe nehmen. Dabei [&hellip;]<\/p>\n","protected":false},"author":1,"featured_media":0,"parent":75,"menu_order":0,"comment_status":"closed","ping_status":"closed","template":"","meta":{"footnotes":""},"class_list":["post-102","page","type-page","status-publish","hentry"],"_links":{"self":[{"href":"https:\/\/www.die-emotionsfotografin.com\/blog\/wp-json\/wp\/v2\/pages\/102"}],"collection":[{"href":"https:\/\/www.die-emotionsfotografin.com\/blog\/wp-json\/wp\/v2\/pages"}],"about":[{"href":"https:\/\/www.die-emotionsfotografin.com\/blog\/wp-json\/wp\/v2\/types\/page"}],"author":[{"embeddable":true,"href":"https:\/\/www.die-emotionsfotografin.com\/blog\/wp-json\/wp\/v2\/users\/1"}],"replies":[{"embeddable":true,"href":"https:\/\/www.die-emotionsfotografin.com\/blog\/wp-json\/wp\/v2\/comments?post=102"}],"version-history":[{"count":12,"href":"https:\/\/www.die-emotionsfotografin.com\/blog\/wp-json\/wp\/v2\/pages\/102\/revisions"}],"predecessor-version":[{"id":912,"href":"https:\/\/www.die-emotionsfotografin.com\/blog\/wp-json\/wp\/v2\/pages\/102\/revisions\/912"}],"up":[{"embeddable":true,"href":"https:\/\/www.die-emotionsfotografin.com\/blog\/wp-json\/wp\/v2\/pages\/75"}],"wp:attachment":[{"href":"https:\/\/www.die-emotionsfotografin.com\/blog\/wp-json\/wp\/v2\/media?parent=102"}],"curies":[{"name":"wp","href":"https:\/\/api.w.org\/{rel}","templated":true}]}}